{"id":97,"date":"2023-03-16T11:15:08","date_gmt":"2023-03-16T10:15:08","guid":{"rendered":"https:\/\/wordpress.vecurosoft.com\/wellnez\/?page_id=97"},"modified":"2026-03-19T13:10:38","modified_gmt":"2026-03-19T13:10:38","slug":"contact","status":"publish","type":"page","link":"https:\/\/tugbabuyukbasguzelliksalonu.com.tr\/?page_id=97","title":{"rendered":"\u0130leti\u015fim"},"content":{"rendered":"\t\t<div data-elementor-type=\"wp-page\" data-elementor-id=\"97\" class=\"elementor elementor-97\">\n\t\t\t\t\t\t<section class=\"elementor-section elementor-top-section elementor-element elementor-element-ab0c826 elementor-section-full_width elementor-section-height-default elementor-section-height-default\" data-id=\"ab0c826\" data-element_type=\"section\" data-e-type=\"section\">\n\t\t\t\t\t\t<div class=\"elementor-container elementor-column-gap-no\">\n\t\t\t\t\t<div class=\"elementor-column elementor-col-100 elementor-top-column elementor-element elementor-element-c458734\" data-id=\"c458734\" data-element_type=\"column\" data-e-type=\"column\">\n\t\t\t<div class=\"elementor-widget-wrap elementor-element-populated\">\n\t\t\t\t\t\t<section class=\"elementor-section elementor-inner-section elementor-element elementor-element-5a34c25 elementor-section-boxed elementor-section-height-default elementor-section-height-default\" data-id=\"5a34c25\" data-element_type=\"section\" data-e-type=\"section\">\n\t\t\t\t\t\t<div class=\"elementor-container elementor-column-gap-no\">\n\t\t\t\t\t<div class=\"elementor-column elementor-col-50 elementor-inner-column elementor-element elementor-element-e4d236f\" data-id=\"e4d236f\" data-element_type=\"column\" data-e-type=\"column\">\n\t\t\t<div class=\"elementor-widget-wrap elementor-element-populated\">\n\t\t\t\t\t\t<div class=\"elementor-element elementor-element-bd619ba elementor-widget elementor-widget-wellnezsectiontitle\" data-id=\"bd619ba\" data-element_type=\"widget\" data-e-type=\"widget\" data-widget_type=\"wellnezsectiontitle.default\">\n\t\t\t\t<div class=\"elementor-widget-container\">\n\t\t\t\t\t<!-- Section Title --><div class=\"title-area\" ><span class=\"sec-subtitle\">TU\u011eBA B\u00dcY\u00dcKBA\u015e G\u00dcZELL\u0130K SALONU<\/span><h1 class=\"sec-title3 title-selector h1\">\u0130leti\u015fim<span class=\"text-theme\"> Bilgileri<\/span><\/h1><p class=\"desc\">Say\u0131n m\u00fc\u015fterimiz bize mesaj yoluyla ula\u015fmak i\u00e7in l\u00fctfen a\u015fa\u011f\u0131da istenen bilgileri eksiksiz doldurunuz. En k\u0131sa s\u00fcrede temsilcimiz size d\u00f6n\u00fc\u015f yapacakt\u0131r.<\/p><\/div><!-- End Section Title -->\t\t\t\t<\/div>\n\t\t\t\t<\/div>\n\t\t\t\t<div class=\"elementor-element elementor-element-c196d7d elementor-widget elementor-widget-shortcode\" data-id=\"c196d7d\" data-element_type=\"widget\" data-e-type=\"widget\" data-widget_type=\"shortcode.default\">\n\t\t\t\t\t\t\t<div class=\"elementor-shortcode\">\n<div class=\"wpcf7 no-js\" id=\"wpcf7-f6138-o1\" lang=\"tr-TR\" dir=\"ltr\" data-wpcf7-id=\"6138\">\n<div class=\"screen-reader-response\"><p role=\"status\" aria-live=\"polite\" aria-atomic=\"true\"><\/p> <ul><\/ul><\/div>\n<form action=\"\/index.php?rest_route=%2Fwp%2Fv2%2Fpages%2F97#wpcf7-f6138-o1\" method=\"post\" class=\"wpcf7-form init\" aria-label=\"\u0130leti\u015fim Formu\" novalidate=\"novalidate\" data-status=\"init\">\n<fieldset class=\"hidden-fields-container\"><input type=\"hidden\" name=\"_wpcf7\" value=\"6138\" \/><input type=\"hidden\" name=\"_wpcf7_version\" value=\"6.1.5\" \/><input type=\"hidden\" name=\"_wpcf7_locale\" value=\"tr_TR\" \/><input type=\"hidden\" name=\"_wpcf7_unit_tag\" value=\"wpcf7-f6138-o1\" \/><input type=\"hidden\" name=\"_wpcf7_container_post\" value=\"0\" \/><input type=\"hidden\" name=\"_wpcf7_posted_data_hash\" value=\"\" \/>\n<\/fieldset>\n<label> Ad\u0131n\u0131z\n    <span class=\"wpcf7-form-control-wrap\" data-name=\"your-name\"><input size=\"40\" maxlength=\"400\" class=\"wpcf7-form-control wpcf7-text wpcf7-validates-as-required\" autocomplete=\"name\" aria-required=\"true\" aria-invalid=\"false\" value=\"\" type=\"text\" name=\"your-name\" \/><\/span> <\/label>\n\n<label> E-posta\n    <span class=\"wpcf7-form-control-wrap\" data-name=\"your-email\"><input size=\"40\" maxlength=\"400\" class=\"wpcf7-form-control wpcf7-email wpcf7-validates-as-required wpcf7-text wpcf7-validates-as-email\" autocomplete=\"email\" aria-required=\"true\" aria-invalid=\"false\" value=\"\" type=\"email\" name=\"your-email\" \/><\/span> <\/label>\n\n<label> Konu\n    <span class=\"wpcf7-form-control-wrap\" data-name=\"your-subject\"><input size=\"40\" maxlength=\"400\" class=\"wpcf7-form-control wpcf7-text wpcf7-validates-as-required\" aria-required=\"true\" aria-invalid=\"false\" value=\"\" type=\"text\" name=\"your-subject\" \/><\/span> <\/label>\n\n<label> \u0130letiniz (tercihe ba\u011fl\u0131)\n    <span class=\"wpcf7-form-control-wrap\" data-name=\"your-message\"><textarea cols=\"40\" rows=\"10\" maxlength=\"2000\" class=\"wpcf7-form-control wpcf7-textarea\" aria-invalid=\"false\" name=\"your-message\"><\/textarea><\/span> <\/label>\n\n<input class=\"wpcf7-form-control wpcf7-submit has-spinner\" type=\"submit\" value=\"G\u00f6nder\" \/><div class=\"wpcf7-response-output\" aria-hidden=\"true\"><\/div>\n<\/form>\n<\/div>\n<\/div>\n\t\t\t\t\t\t<\/div>\n\t\t\t\t\t<\/div>\n\t\t<\/div>\n\t\t\t\t<div class=\"elementor-column elementor-col-50 elementor-inner-column elementor-element elementor-element-ce22312\" data-id=\"ce22312\" data-element_type=\"column\" data-e-type=\"column\">\n\t\t\t<div class=\"elementor-widget-wrap elementor-element-populated\">\n\t\t\t\t\t\t<div class=\"elementor-element elementor-element-0762cd9 elementor-widget elementor-widget-google_maps\" data-id=\"0762cd9\" data-element_type=\"widget\" data-e-type=\"widget\" data-widget_type=\"google_maps.default\">\n\t\t\t\t\t\t\t<div class=\"elementor-custom-embed\">\n\t\t\t<iframe loading=\"lazy\"\n\t\t\t\t\tsrc=\"https:\/\/maps.google.com\/maps?q=Barbaros%2C%202180.%20Sk.%20No%3A5%2C%2033150%2C%2033150%20Yeni%C5%9Fehir%2FMersin%2C%20T%C3%BCrkiye&#038;t=m&#038;z=17&#038;output=embed&#038;iwloc=near\"\n\t\t\t\t\ttitle=\"Barbaros, 2180. Sk. No:5, 33150, 33150 Yeni\u015fehir\/Mersin, T\u00fcrkiye\"\n\t\t\t\t\taria-label=\"Barbaros, 2180. Sk. No:5, 33150, 33150 Yeni\u015fehir\/Mersin, T\u00fcrkiye\"\n\t\t\t><\/iframe>\n\t\t<\/div>\n\t\t\t\t\t\t<\/div>\n\t\t\t\t<div class=\"elementor-element elementor-element-2a36671 elementor-widget elementor-widget-wellnezinfotitle\" data-id=\"2a36671\" data-element_type=\"widget\" data-e-type=\"widget\" data-widget_type=\"wellnezinfotitle.default\">\n\t\t\t\t<div class=\"elementor-widget-container\">\n\t\t\t\t\t        <div class=\"contact-table\">\n                            <div class=\"tr\">\n                    <div class=\"tb-col\">\n                                                    <p><span class=\"th\"> Adres :<\/span><\/p>                        \n                                                    <p>Barbaros Mahallesi 2107 Sk. NO:4\/B Yeni\u015fehir \/ Mersin<br \/><br \/><\/p>                                            <\/div>\n                <\/div>\n                        \n                    <\/div>\n        \t\t\t\t<\/div>\n\t\t\t\t<\/div>\n\t\t\t\t<div class=\"elementor-element elementor-element-10b70f8 elementor-widget elementor-widget-wellnezinfotitle\" data-id=\"10b70f8\" data-element_type=\"widget\" data-e-type=\"widget\" data-widget_type=\"wellnezinfotitle.default\">\n\t\t\t\t<div class=\"elementor-widget-container\">\n\t\t\t\t\t        <div class=\"contact-table\">\n                        \n                            <div class=\"tr\">\n                                            <div class=\"tb-col\">\n                            <p><span class=\"th\">email :<\/span><span class=\"td\"><a class=\"text-inherit\" href=\"mailto:info@example.com\">info@tugbabuyukbasguzelliksalonu.com.tr<\/a><\/span><\/p>                        <\/div>\n                                        <div class=\"tb-col\">\n                        <p><span class=\"th\">time : <\/span><span class=\"td\">08-20:00<\/span><\/p>                    <\/div>\n                <\/div>\n                    <\/div>\n        \t\t\t\t<\/div>\n\t\t\t\t<\/div>\n\t\t\t\t<div class=\"elementor-element elementor-element-d079bdd elementor-widget elementor-widget-text-editor\" data-id=\"d079bdd\" data-element_type=\"widget\" data-e-type=\"widget\" data-widget_type=\"text-editor.default\">\n\t\t\t\t\t\t\t\t\t<p><span class=\"h1\"><a class=\"text-inherit\" href=\"tel:+90535 431 88 56\"><i class=\"fal fa-headset me-3 text-theme\"><\/i>+90 535 431 88 56<\/a><br \/><\/span><\/p>\t\t\t\t\t\t\t\t<\/div>\n\t\t\t\t\t<\/div>\n\t\t<\/div>\n\t\t\t\t\t<\/div>\n\t\t<\/section>\n\t\t\t\t\t<\/div>\n\t\t<\/div>\n\t\t\t\t\t<\/div>\n\t\t<\/section>\n\t\t\t\t<\/div>\n\t\t","protected":false},"excerpt":{"rendered":"<p>TU\u011eBA B\u00dcY\u00dcKBA\u015e G\u00dcZELL\u0130K SALONU \u0130leti\u015fim Bilgileri Say\u0131n m\u00fc\u015fterimiz bize mesaj yoluyla ula\u015fmak i\u00e7in l\u00fctfen a\u015fa\u011f\u0131da istenen bilgileri eksiksiz doldurunuz. En k\u0131sa s\u00fcrede temsilcimiz size d\u00f6n\u00fc\u015f yapacakt\u0131r. Adres : Barbaros Mahallesi 2107 Sk. NO:4\/B Yeni\u015fehir \/ Mersin email :info@tugbabuyukbasguzelliksalonu.com.tr time : 08-20:00 +90 535 431 88 56<\/p>\n","protected":false},"author":1,"featured_media":0,"parent":0,"menu_order":0,"comment_status":"closed","ping_status":"closed","template":"template-builder.php","meta":{"_joinchat":[],"footnotes":""},"class_list":["post-97","page","type-page","status-publish","hentry"],"_links":{"self":[{"href":"https:\/\/tugbabuyukbasguzelliksalonu.com.tr\/index.php?rest_route=\/wp\/v2\/pages\/97","targetHints":{"allow":["GET"]}}],"collection":[{"href":"https:\/\/tugbabuyukbasguzelliksalonu.com.tr\/index.php?rest_route=\/wp\/v2\/pages"}],"about":[{"href":"https:\/\/tugbabuyukbasguzelliksalonu.com.tr\/index.php?rest_route=\/wp\/v2\/types\/page"}],"author":[{"embeddable":true,"href":"https:\/\/tugbabuyukbasguzelliksalonu.com.tr\/index.php?rest_route=\/wp\/v2\/users\/1"}],"replies":[{"embeddable":true,"href":"https:\/\/tugbabuyukbasguzelliksalonu.com.tr\/index.php?rest_route=%2Fwp%2Fv2%2Fcomments&post=97"}],"version-history":[{"count":13,"href":"https:\/\/tugbabuyukbasguzelliksalonu.com.tr\/index.php?rest_route=\/wp\/v2\/pages\/97\/revisions"}],"predecessor-version":[{"id":6142,"href":"https:\/\/tugbabuyukbasguzelliksalonu.com.tr\/index.php?rest_route=\/wp\/v2\/pages\/97\/revisions\/6142"}],"wp:attachment":[{"href":"https:\/\/tugbabuyukbasguzelliksalonu.com.tr\/index.php?rest_route=%2Fwp%2Fv2%2Fmedia&parent=97"}],"curies":[{"name":"wp","href":"https:\/\/api.w.org\/{rel}","templated":true}]}}