{"id":93,"date":"2023-03-16T11:14:31","date_gmt":"2023-03-16T10:14:31","guid":{"rendered":"https:\/\/wordpress.vecurosoft.com\/wellnez\/?page_id=93"},"modified":"2026-02-25T13:39:45","modified_gmt":"2026-02-25T13:39:45","slug":"about","status":"publish","type":"page","link":"https:\/\/tugbabuyukbasguzelliksalonu.com.tr\/?page_id=93","title":{"rendered":"Hakk\u0131m\u0131zda"},"content":{"rendered":"\t\t<div data-elementor-type=\"wp-page\" data-elementor-id=\"93\" class=\"elementor elementor-93\">\n\t\t\t\t\t\t<section class=\"elementor-section elementor-top-section elementor-element elementor-element-7c66d4f elementor-section-full_width elementor-section-stretched elementor-section-height-default elementor-section-height-default\" data-id=\"7c66d4f\" data-element_type=\"section\" data-e-type=\"section\" data-settings=\"{&quot;stretch_section&quot;:&quot;section-stretched&quot;}\">\n\t\t\t\t\t\t<div class=\"elementor-container elementor-column-gap-no\">\n\t\t\t\t\t<div class=\"elementor-column elementor-col-100 elementor-top-column elementor-element elementor-element-2b82df9\" data-id=\"2b82df9\" data-element_type=\"column\" data-e-type=\"column\">\n\t\t\t<div class=\"elementor-widget-wrap elementor-element-populated\">\n\t\t\t\t\t\t<section class=\"elementor-section elementor-inner-section elementor-element elementor-element-41a5b9d elementor-section-boxed elementor-section-height-default elementor-section-height-default\" data-id=\"41a5b9d\" data-element_type=\"section\" data-e-type=\"section\">\n\t\t\t\t\t\t<div class=\"elementor-container elementor-column-gap-no\">\n\t\t\t\t\t<div class=\"elementor-column elementor-col-50 elementor-inner-column elementor-element elementor-element-a42710e\" data-id=\"a42710e\" data-element_type=\"column\" data-e-type=\"column\">\n\t\t\t<div class=\"elementor-widget-wrap elementor-element-populated\">\n\t\t\t\t\t\t<div class=\"elementor-element elementor-element-aa4a2d8 elementor-widget__width-auto elementor-widget elementor-widget-wellnezsectiontitle\" data-id=\"aa4a2d8\" data-element_type=\"widget\" data-e-type=\"widget\" data-widget_type=\"wellnezsectiontitle.default\">\n\t\t\t\t<div class=\"elementor-widget-container\">\n\t\t\t\t\t<!-- Section Title --><div class=\"title-area\" ><span class=\"sec-subtitle\">WELCOME<\/span><h2 class=\"sec-title3 title-selector h1\">Dan\u0131\u015fanlar\u0131m\u0131za, kendilerinin en iyi versiyonuna ula\u015fmalar\u0131n\u0131 sa\u011flamak i\u00e7in \u00e7al\u0131\u015f\u0131yoruz. Dan\u0131\u015fanlar\u0131m\u0131za merkezimizde kendilerini g\u00fczel hissetmelerini sa\u011flayacak konforlu bir deneyim sunuyoruz. Uzman kadromuz, ihtiya\u00e7lar\u0131n\u0131z\u0131 do\u011fru belirleyerek en do\u011fru bak\u0131m\u0131n uygulanmas\u0131 i\u00e7in hizmetinizdedir.<\/h2><\/div><!-- End Section Title -->\t\t\t\t<\/div>\n\t\t\t\t<\/div>\n\t\t\t\t\t<\/div>\n\t\t<\/div>\n\t\t\t\t<div class=\"elementor-column elementor-col-50 elementor-inner-column elementor-element elementor-element-4dcd82e\" data-id=\"4dcd82e\" data-element_type=\"column\" data-e-type=\"column\">\n\t\t\t<div class=\"elementor-widget-wrap elementor-element-populated\">\n\t\t\t\t\t\t<div class=\"elementor-element elementor-element-abbd2ed elementor-widget__width-auto elementor-widget elementor-widget-wellnezbutton\" data-id=\"abbd2ed\" data-element_type=\"widget\" data-e-type=\"widget\" data-widget_type=\"wellnezbutton.default\">\n\t\t\t\t<div class=\"elementor-widget-container\">\n\t\t\t\t\t<!-- Button --><div class=\"circle-btn style2 btn-wrapper d-inline-flex\"><a href=\"https:\/\/wordpress.vecurosoft.com\/wellnez\/service\/\" class=\"btn-icon\"><i class=\"far fa-arrow-right\"><\/i><\/a><div class=\"btn-text\"><svg viewBox=\"0 0 150 150\"><path id=\"textPathButton\" d=\"M 0,75 a 75,75 0 1,1 0,1 z\"><\/path><text><textPath href=\"#textPathButton\">HER DOKUNU\u015eTA YEN\u0130DEN DO\u011eU\u015e \u0130LE<\/textPath><\/text><\/svg><\/div><\/div>\t\t\t\t<\/div>\n\t\t\t\t<\/div>\n\t\t\t\t\t<\/div>\n\t\t<\/div>\n\t\t\t\t\t<\/div>\n\t\t<\/section>\n\t\t\t\t<section class=\"elementor-section elementor-inner-section elementor-element elementor-element-0d3503a elementor-section-boxed elementor-section-height-default elementor-section-height-default\" data-id=\"0d3503a\" data-element_type=\"section\" data-e-type=\"section\">\n\t\t\t\t\t\t<div class=\"elementor-container elementor-column-gap-no\">\n\t\t\t\t\t<div class=\"elementor-column elementor-col-100 elementor-inner-column elementor-element elementor-element-916ec5b\" data-id=\"916ec5b\" data-element_type=\"column\" data-e-type=\"column\">\n\t\t\t<div class=\"elementor-widget-wrap elementor-element-populated\">\n\t\t\t\t\t\t<div class=\"elementor-element elementor-element-2686f3a elementor-widget elementor-widget-image-carousel\" data-id=\"2686f3a\" data-element_type=\"widget\" data-e-type=\"widget\" data-settings=\"{&quot;slides_to_show&quot;:&quot;1&quot;,&quot;navigation&quot;:&quot;none&quot;,&quot;effect&quot;:&quot;fade&quot;,&quot;autoplay&quot;:&quot;yes&quot;,&quot;pause_on_hover&quot;:&quot;yes&quot;,&quot;pause_on_interaction&quot;:&quot;yes&quot;,&quot;autoplay_speed&quot;:5000,&quot;infinite&quot;:&quot;yes&quot;,&quot;speed&quot;:500}\" data-widget_type=\"image-carousel.default\">\n\t\t\t\t\t\t\t<div class=\"elementor-image-carousel-wrapper swiper\" role=\"region\" aria-roledescription=\"carousel\" aria-label=\"Resim D\u00f6ng\u00fcs\u00fc\" dir=\"ltr\">\n\t\t\t<div class=\"elementor-image-carousel swiper-wrapper swiper-image-stretch\" aria-live=\"off\">\n\t\t\t\t\t\t\t\t<div class=\"swiper-slide\" role=\"group\" aria-roledescription=\"slide\" aria-label=\"1 \/ 2\"><figure class=\"swiper-slide-inner\"><img decoding=\"async\" class=\"swiper-slide-image\" src=\"https:\/\/tugbabuyukbasguzelliksalonu.com.tr\/wp-content\/uploads\/2023\/03\/ab-4-1.jpg\" alt=\"ab-4-1\" \/><\/figure><\/div><div class=\"swiper-slide\" role=\"group\" aria-roledescription=\"slide\" aria-label=\"2 \/ 2\"><figure class=\"swiper-slide-inner\"><img decoding=\"async\" class=\"swiper-slide-image\" src=\"https:\/\/tugbabuyukbasguzelliksalonu.com.tr\/wp-content\/uploads\/2023\/03\/ab-4-2.jpg\" alt=\"ab-4-2\" \/><\/figure><\/div>\t\t\t<\/div>\n\t\t\t\t\t\t\t\n\t\t\t\t\t\t\t\t\t<\/div>\n\t\t\t\t\t\t<\/div>\n\t\t\t\t<div class=\"elementor-element elementor-element-5186d82 elementor-widget elementor-widget-text-editor\" data-id=\"5186d82\" data-element_type=\"widget\" data-e-type=\"widget\" data-widget_type=\"text-editor.default\">\n\t\t\t\t\t\t\t\t\t<p>Kendimize zaman ay\u0131rmak ve \u00f6zen g\u00f6stermek, hem fiziksel hem de duygusal sa\u011fl\u0131\u011f\u0131m\u0131z i\u00e7in olduk\u00e7a \u00f6nemlidir. Amac\u0131m\u0131z, dan\u0131\u015fanlar\u0131m\u0131z\u0131n istedi\u011fi estetik g\u00fczelli\u011fe kavu\u015fmas\u0131 i\u00e7in en do\u011fru hizmeti sunmak ve merkezimizden yenilenmi\u015f hissederek y\u00fcksek memnuniyetle ayr\u0131lmalar\u0131n\u0131 sa\u011flamakt\u0131r.<\/p>\t\t\t\t\t\t\t\t<\/div>\n\t\t\t\t\t<\/div>\n\t\t<\/div>\n\t\t\t\t\t<\/div>\n\t\t<\/section>\n\t\t\t\t<section class=\"elementor-section elementor-inner-section elementor-element elementor-element-22b0e42 elementor-section-boxed elementor-section-height-default elementor-section-height-default\" data-id=\"22b0e42\" data-element_type=\"section\" data-e-type=\"section\">\n\t\t\t\t\t\t<div class=\"elementor-container elementor-column-gap-no\">\n\t\t\t\t\t<div class=\"elementor-column elementor-col-100 elementor-inner-column elementor-element elementor-element-84cd218\" data-id=\"84cd218\" data-element_type=\"column\" data-e-type=\"column\">\n\t\t\t<div class=\"elementor-widget-wrap elementor-element-populated\">\n\t\t\t\t\t\t<section class=\"elementor-section elementor-inner-section elementor-element elementor-element-a8ad1df elementor-section-boxed elementor-section-height-default elementor-section-height-default\" data-id=\"a8ad1df\" data-element_type=\"section\" data-e-type=\"section\">\n\t\t\t\t\t\t<div class=\"elementor-container elementor-column-gap-no\">\n\t\t\t\t\t<div class=\"elementor-column elementor-col-33 elementor-inner-column elementor-element elementor-element-642d948\" data-id=\"642d948\" data-element_type=\"column\" data-e-type=\"column\">\n\t\t\t<div class=\"elementor-widget-wrap elementor-element-populated\">\n\t\t\t\t\t\t<div class=\"elementor-element elementor-element-8923ed2 elementor-widget elementor-widget-text-editor\" data-id=\"8923ed2\" data-element_type=\"widget\" data-e-type=\"widget\" data-widget_type=\"text-editor.default\">\n\t\t\t\t\t\t\t\t\t<h3 class=\"text-uppercase \">Biz kimiz ?<\/h3>\t\t\t\t\t\t\t\t<\/div>\n\t\t\t\t<div class=\"elementor-element elementor-element-67221a2 elementor-widget elementor-widget-text-editor\" data-id=\"67221a2\" data-element_type=\"widget\" data-e-type=\"widget\" data-widget_type=\"text-editor.default\">\n\t\t\t\t\t\t\t\t\t<p>Tu\u011fba B\u00fcy\u00fckba\u015f G\u00fczellik Salonu\u2019nun ismi; kurucu\u00a0 ad\u0131ndan gelmektedir.\u00a0 Bu yolculukta; g\u00fcven, sa\u011fl\u0131k ve g\u00fczellik odakl\u0131 hizmet anlay\u0131\u015f\u0131n\u0131 gelece\u011fe miras b\u0131rakma amac\u0131nday\u0131z. Salonumuzda\u00a0memnuniyeti odakl\u0131 bir anlay\u0131\u015fla, kaliteli ve profesyonel hizmetler sunarak g\u00fczelli\u011fi \u00f6n plana \u00e7\u0131karmak i\u00e7in \u00e7al\u0131\u015f\u0131yor, en iyi \u015fekilde g\u00f6r\u00fcnmenize ve hissetmenize yard\u0131mc\u0131 olmay\u0131 d\u00f6rt g\u00f6zle bekliyoruz!<\/p>\t\t\t\t\t\t\t\t<\/div>\n\t\t\t\t\t<\/div>\n\t\t<\/div>\n\t\t\t\t<div class=\"elementor-column elementor-col-33 elementor-inner-column elementor-element elementor-element-554965b\" data-id=\"554965b\" data-element_type=\"column\" data-e-type=\"column\">\n\t\t\t<div class=\"elementor-widget-wrap elementor-element-populated\">\n\t\t\t\t\t\t<div class=\"elementor-element elementor-element-ecd16eb elementor-widget__width-auto elementor-widget elementor-widget-text-editor\" data-id=\"ecd16eb\" data-element_type=\"widget\" data-e-type=\"widget\" data-widget_type=\"text-editor.default\">\n\t\t\t\t\t\t\t\t\t<div class=\"col-auto\"><span class=\"about-number\">01<\/span><\/div>\t\t\t\t\t\t\t\t<\/div>\n\t\t\t\t<div class=\"elementor-element elementor-element-f342725 elementor-widget__width-auto elementor-widget elementor-widget-text-editor\" data-id=\"f342725\" data-element_type=\"widget\" data-e-type=\"widget\" data-widget_type=\"text-editor.default\">\n\t\t\t\t\t\t\t\t\t<div class=\"col\"><h4 class=\"fw-medium fs-26 font-body mt-n1 mb-lg-3 pb-lg-1\">Misyonumuz<\/h4><div class=\"list-style1\"><p>Dan\u0131\u015fanlar\u0131n\u0131n ihtiya\u00e7lar\u0131n\u0131 merkeze alan, y\u00fcksek kaliteli ve profesyonel g\u00fczellik hizmetlerinin en g\u00fcvenilir adresi olmak, sekt\u00f6r\u00fcm\u00fcze s\u00fcrd\u00fcr\u00fclebilir, yenilik\u00e7i g\u00fczellik \u00e7\u00f6z\u00fcmleri sunmakt\u0131r.<\/p><\/div><\/div>\t\t\t\t\t\t\t\t<\/div>\n\t\t\t\t<div class=\"elementor-element elementor-element-9692351 elementor-hidden-tablet elementor-hidden-mobile elementor-widget elementor-widget-wellnezanimationimage\" data-id=\"9692351\" data-element_type=\"widget\" data-e-type=\"widget\" data-widget_type=\"wellnezanimationimage.default\">\n\t\t\t\t<div class=\"elementor-widget-container\">\n\t\t\t\t\t<div class=\"shape1 jump shape-mockup d-none d-xl-inline-block\"><img decoding=\"async\" src=\"https:\/\/wordpress.vecurosoft.com\/wellnez\/wp-content\/uploads\/2023\/03\/leaf-1-6.png\" alt=\"leaf 1 6\"  \/><\/div>\t\t\t\t<\/div>\n\t\t\t\t<\/div>\n\t\t\t\t\t<\/div>\n\t\t<\/div>\n\t\t\t\t<div class=\"elementor-column elementor-col-33 elementor-inner-column elementor-element elementor-element-4836410\" data-id=\"4836410\" data-element_type=\"column\" data-e-type=\"column\">\n\t\t\t<div class=\"elementor-widget-wrap elementor-element-populated\">\n\t\t\t\t\t\t<div class=\"elementor-element elementor-element-65f6034 elementor-widget__width-auto elementor-widget elementor-widget-text-editor\" data-id=\"65f6034\" data-element_type=\"widget\" data-e-type=\"widget\" data-widget_type=\"text-editor.default\">\n\t\t\t\t\t\t\t\t\t<div class=\"col-auto\"><span class=\"about-number\">01<\/span><\/div>\t\t\t\t\t\t\t\t<\/div>\n\t\t\t\t<div class=\"elementor-element elementor-element-cb06065 elementor-widget__width-auto elementor-widget elementor-widget-text-editor\" data-id=\"cb06065\" data-element_type=\"widget\" data-e-type=\"widget\" data-widget_type=\"text-editor.default\">\n\t\t\t\t\t\t\t\t\t<div class=\"col\"><h4 class=\"fw-medium fs-26 font-body mt-n1 mb-lg-3 pb-lg-1\">Vizyonumuz<\/h4><div class=\"list-style1\"><p>Hedeflerimiz s\u0131n\u0131rlar\u0131n \u00f6tesinde\u2026 Kaliteli hizmeti, Vizyonumuz ve T\u00fcrkiye\u2019nin d\u0131\u015f\u0131na da ta\u015f\u0131mak i\u00e7in hassasiyetle \u00e7al\u0131\u015f\u0131yoruz. Hedefimiz bir d\u00fcnya markas\u0131 olmakt\u0131r.<\/p><\/div><\/div>\t\t\t\t\t\t\t\t<\/div>\n\t\t\t\t<div class=\"elementor-element elementor-element-53fb37d elementor-hidden-tablet elementor-hidden-mobile elementor-widget elementor-widget-wellnezanimationimage\" data-id=\"53fb37d\" data-element_type=\"widget\" data-e-type=\"widget\" data-widget_type=\"wellnezanimationimage.default\">\n\t\t\t\t<div class=\"elementor-widget-container\">\n\t\t\t\t\t<div class=\"shape1 jump shape-mockup d-none d-xl-inline-block\"><img decoding=\"async\" src=\"https:\/\/wordpress.vecurosoft.com\/wellnez\/wp-content\/uploads\/2023\/03\/leaf-1-6.png\" alt=\"leaf 1 6\"  \/><\/div>\t\t\t\t<\/div>\n\t\t\t\t<\/div>\n\t\t\t\t\t<\/div>\n\t\t<\/div>\n\t\t\t\t\t<\/div>\n\t\t<\/section>\n\t\t\t\t\t<\/div>\n\t\t<\/div>\n\t\t\t\t\t<\/div>\n\t\t<\/section>\n\t\t\t\t\t<\/div>\n\t\t<\/div>\n\t\t\t\t\t<\/div>\n\t\t<\/section>\n\t\t\t\t<\/div>\n\t\t","protected":false},"excerpt":{"rendered":"<p>WELCOME Dan\u0131\u015fanlar\u0131m\u0131za, kendilerinin en iyi versiyonuna ula\u015fmalar\u0131n\u0131 sa\u011flamak i\u00e7in \u00e7al\u0131\u015f\u0131yoruz. Dan\u0131\u015fanlar\u0131m\u0131za merkezimizde kendilerini g\u00fczel hissetmelerini sa\u011flayacak konforlu bir deneyim sunuyoruz. Uzman kadromuz, ihtiya\u00e7lar\u0131n\u0131z\u0131 do\u011fru belirleyerek en do\u011fru bak\u0131m\u0131n uygulanmas\u0131 i\u00e7in hizmetinizdedir. HER DOKUNU\u015eTA YEN\u0130DEN DO\u011eU\u015e \u0130LE Kendimize zaman ay\u0131rmak ve \u00f6zen g\u00f6stermek, hem fiziksel hem de duygusal sa\u011fl\u0131\u011f\u0131m\u0131z i\u00e7in olduk\u00e7a \u00f6nemlidir. Amac\u0131m\u0131z, dan\u0131\u015fanlar\u0131m\u0131z\u0131n istedi\u011fi estetik&#8230;<\/p>\n","protected":false},"author":1,"featured_media":0,"parent":0,"menu_order":0,"comment_status":"closed","ping_status":"closed","template":"template-builder.php","meta":{"_joinchat":[],"footnotes":""},"class_list":["post-93","page","type-page","status-publish","hentry"],"_links":{"self":[{"href":"https:\/\/tugbabuyukbasguzelliksalonu.com.tr\/index.php?rest_route=\/wp\/v2\/pages\/93","targetHints":{"allow":["GET"]}}],"collection":[{"href":"https:\/\/tugbabuyukbasguzelliksalonu.com.tr\/index.php?rest_route=\/wp\/v2\/pages"}],"about":[{"href":"https:\/\/tugbabuyukbasguzelliksalonu.com.tr\/index.php?rest_route=\/wp\/v2\/types\/page"}],"author":[{"embeddable":true,"href":"https:\/\/tugbabuyukbasguzelliksalonu.com.tr\/index.php?rest_route=\/wp\/v2\/users\/1"}],"replies":[{"embeddable":true,"href":"https:\/\/tugbabuyukbasguzelliksalonu.com.tr\/index.php?rest_route=%2Fwp%2Fv2%2Fcomments&post=93"}],"version-history":[{"count":11,"href":"https:\/\/tugbabuyukbasguzelliksalonu.com.tr\/index.php?rest_route=\/wp\/v2\/pages\/93\/revisions"}],"predecessor-version":[{"id":6099,"href":"https:\/\/tugbabuyukbasguzelliksalonu.com.tr\/index.php?rest_route=\/wp\/v2\/pages\/93\/revisions\/6099"}],"wp:attachment":[{"href":"https:\/\/tugbabuyukbasguzelliksalonu.com.tr\/index.php?rest_route=%2Fwp%2Fv2%2Fmedia&parent=93"}],"curies":[{"name":"wp","href":"https:\/\/api.w.org\/{rel}","templated":true}]}}