{"id":6069,"date":"2026-02-25T09:45:28","date_gmt":"2026-02-25T09:45:28","guid":{"rendered":"https:\/\/tugbabuyukbasguzelliksalonu.com.tr\/?page_id=6069"},"modified":"2026-02-25T09:46:53","modified_gmt":"2026-02-25T09:46:53","slug":"dipliner-eyeliner","status":"publish","type":"page","link":"https:\/\/tugbabuyukbasguzelliksalonu.com.tr\/?page_id=6069","title":{"rendered":"Dipliner (Eyeliner)"},"content":{"rendered":"\n<p>Kad\u0131nlar\u0131n makyaj yaparken en \u00e7ok zorland\u0131\u011f\u0131 i\u015flemlerden biri eyeliner uygulamalar\u0131d\u0131r.&nbsp;&nbsp;\u0130ki g\u00f6z i\u00e7in simetrik ve d\u00fczg\u00fcn \u00e7izgiler elde etmek \u00e7o\u011fu zaman zordur. Eyeliner uygulamas\u0131; dikkat ve zaman almakta, uygulama sonras\u0131nda istenilen simetri \u00e7o\u011funlukla elde edilememektir. T\u00fcm bu sorunlara kal\u0131c\u0131 \u00e7\u00f6z\u00fcm i\u00e7in kal\u0131c\u0131 eyeliner uygulamalar\u0131 geli\u015ftirilmi\u015ftir<\/p>\n\n\n\n<p>Kal\u0131c\u0131 eyeliner uygulamalar\u0131, g\u00f6z kapaklar\u0131n\u0131z\u0131n \u00fcst\u00fcne do\u011fal ve katk\u0131s\u0131z pigmentlerin enjekte edilmesiyle uygulan\u0131r. Kal\u0131c\u0131 eyeliner, kusursuz bir g\u00f6z makyaj\u0131na sahip olman\u0131z\u0131 sa\u011flar. Kal\u0131c\u0131 eyeliner uygulamas\u0131 sayesinde bak\u0131\u015flar belirginle\u015fmekte, kirpikler daha dolgun g\u00f6r\u00fcnmekte, ki\u015fide bak\u0131ml\u0131 bir g\u00f6r\u00fcn\u00fcm elde edilmektedir.<\/p>\n\n\n\n<p>Kal\u0131c\u0131 makyaj, estetik ve pratiklik aras\u0131nda k\u00f6pr\u00fc kurar. \u0130yi bir kal\u0131c\u0131 makyaj, g\u00fcn boyu taze ve bak\u0131ml\u0131 g\u00f6r\u00fcnmenizi sa\u011flarken, ayn\u0131 zamanda g\u00fczellik rutininizi basitle\u015ftirir.&nbsp;<strong>Tu\u011fba B\u00fcy\u00fckba\u015f G\u00fczellik Merkezi,<\/strong>&nbsp;farkl\u0131 g\u00f6z tiplerine \u00f6zel, benzersiz ve kal\u0131c\u0131 eyeliner uygulamalar\u0131 sunar.<\/p>\n\n\n\n<figure class=\"wp-block-image size-full is-resized\"><img fetchpriority=\"high\" decoding=\"async\" width=\"312\" height=\"161\" src=\"https:\/\/tugbabuyukbasguzelliksalonu.com.tr\/wp-content\/uploads\/2026\/02\/download-8.jpg\" alt=\"\" class=\"wp-image-6071\" style=\"aspect-ratio:1.9379201496463436;width:579px;height:auto\" srcset=\"https:\/\/tugbabuyukbasguzelliksalonu.com.tr\/wp-content\/uploads\/2026\/02\/download-8.jpg 312w, https:\/\/tugbabuyukbasguzelliksalonu.com.tr\/wp-content\/uploads\/2026\/02\/download-8-300x155.jpg 300w\" sizes=\"(max-width: 312px) 100vw, 312px\" \/><\/figure>\n\n\n\n<ul class=\"wp-block-list\">\n<li><a><strong>Almond (Badem) \u015eeklindeki G\u00f6zler:<\/strong><\/a><\/li>\n<\/ul>\n\n\n\n<p>Badem \u015feklinde g\u00f6zler evrensel olarak \u00e7ekici kabul edilir ve neredeyse her t\u00fcrl\u00fc eyeliner stiline uyumludur. Dila Sayan G\u00fczellik Salonu\u2019nun uzmanlar\u0131, bu g\u00f6z tipine sahip dan\u0131\u015fanlara g\u00f6re uyarlanm\u0131\u015f ki\u015fisel eyeliner \u00e7izgileri yaratma konusunda deneyimlidir.<\/p>\n\n\n\n<p><strong>Uygulama \u00d6nerisi:&nbsp;<\/strong>Badem \u015feklindeki g\u00f6zler \u00e7o\u011fu eyeliner stiline uygundur. Katl\u0131 veya ince bir \u00e7izgi, bu g\u00f6z tipini daha da vurgular.<\/p>\n\n\n\n<ul class=\"wp-block-list\">\n<li><a><strong>K\u00fc\u00e7\u00fck G\u00f6zler:<\/strong><\/a><\/li>\n<\/ul>\n\n\n\n<h3 class=\"wp-block-heading\">K\u00fc\u00e7\u00fck g\u00f6zleri b\u00fcy\u00fcleyici ve etkileyici g\u00f6stermek, profesyonel bir dokunu\u015f gerektirir. Dila Sayan G\u00fczellik Salonu, g\u00f6zleri optik olarak b\u00fcy\u00fcten ve dikkat \u00e7eken kal\u0131c\u0131 eyeliner tekniklerini uygular.<\/h3>\n\n\n\n<p><strong>Uygulama \u00d6nerisi:<\/strong>&nbsp;G\u00f6zleri daha b\u00fcy\u00fck g\u00f6stermek i\u00e7in eyeliner\u2019\u0131 g\u00f6z kapa\u011f\u0131n\u0131n ortas\u0131ndan ba\u015flat\u0131n ve d\u0131\u015f k\u00f6\u015feye do\u011fru kal\u0131nla\u015ft\u0131rarak uygulay\u0131n.<\/p>\n\n\n\n<figure class=\"wp-block-image size-full is-resized\"><img decoding=\"async\" width=\"275\" height=\"183\" src=\"https:\/\/tugbabuyukbasguzelliksalonu.com.tr\/wp-content\/uploads\/2026\/02\/download-9.jpg\" alt=\"\" class=\"wp-image-6072\" style=\"aspect-ratio:1.50277349126246;width:584px;height:auto\"\/><\/figure>\n\n\n\n<ul class=\"wp-block-list\">\n<li><a><strong>Yuvarlak G\u00f6zler:<\/strong><\/a><\/li>\n<\/ul>\n\n\n\n<p>Yuvarlak g\u00f6zler, genellikle canl\u0131 ve ne\u015feli bir ifadeye sahiptir. Salonumuzda, bu g\u00f6z tipini daha dramatik ve etkileyici hale getiren, deneyimli uzmanlar\u0131m\u0131z\u0131n elinden \u00e7\u0131kan \u00f6zel \u201ccat-eye\u201d uygulamalar\u0131 bulabilirsiniz.<\/p>\n\n\n\n<p><strong>Uygulama \u00d6nerisi:<\/strong>&nbsp;G\u00f6zleri daha badem \u015feklinde g\u00f6stermek i\u00e7in, d\u0131\u015f k\u00f6\u015fede kal\u0131nla\u015fan ve ucu sivrilen bir \u201ccat eye\u201d stili uygulay\u0131n.<\/p>\n\n\n\n<ul class=\"wp-block-list\">\n<li><a><strong>D\u00fc\u015f\u00fck G\u00f6z Kapaklar\u0131:<\/strong><\/a><\/li>\n<\/ul>\n\n\n\n<p>D\u00fc\u015f\u00fck g\u00f6z kapaklar\u0131, \u00e7o\u011fu zaman bak\u0131\u015flar\u0131 yorgun ve solgun g\u00f6sterir. Dila Sayan ekibi, g\u00f6zleri ayd\u0131nlatan ve yukar\u0131 kald\u0131ran m\u00fckemmel \u00e7izgiler olu\u015fturarak bu durumu ba\u015far\u0131yla \u00e7\u00f6zer.<\/p>\n\n\n\n<p><strong>Uygulama \u00d6nerisi:&nbsp;<\/strong>\u00dcst g\u00f6z kapa\u011f\u0131na ince bir \u00e7izgi \u00e7ekin ve alt kirpik diplerine de hafif bir \u00e7izgi ekleyerek g\u00f6zleri dengede tutun.<\/p>\n\n\n\n<ul class=\"wp-block-list\">\n<li><a><strong>Geni\u015f Aral\u0131kl\u0131 G\u00f6zler:<\/strong><\/a><\/li>\n<\/ul>\n\n\n\n<p><strong>Uygulama \u00d6nerisi:&nbsp;<\/strong>G\u00f6zlerin i\u00e7 k\u00f6\u015fesine vurgu yaparak ve \u00e7izgiyi i\u00e7 k\u00f6\u015feden ba\u015flatarak g\u00f6zleri daha yak\u0131n g\u00f6sterin.<\/p>\n\n\n\n<ul class=\"wp-block-list\">\n<li><a><strong>Monolid G\u00f6zler (\u00c7ift g\u00f6z kapa\u011f\u0131 olmayan):<\/strong><\/a><\/li>\n<\/ul>\n\n\n\n<p><strong>Uygulama \u00d6nerisi:&nbsp;<\/strong>Daha belirgin bir g\u00f6z kapa\u011f\u0131 yaratmak i\u00e7in kal\u0131n bir eyeliner \u00e7izgisi \u00e7ekin. G\u00f6z kapa\u011f\u0131n\u0131 a\u00e7t\u0131\u011f\u0131n\u0131zda \u00e7izgi tamamen kaybolmamal\u0131d\u0131r.<\/p>\n\n\n\n<ul class=\"wp-block-list\">\n<li><a><strong>Yak\u0131n Aral\u0131kl\u0131 G\u00f6zler:<\/strong><\/a><\/li>\n<\/ul>\n\n\n\n<p><strong>Uygulama \u00d6nerisi:<\/strong>&nbsp;Eyeliner\u2019\u0131 g\u00f6z\u00fcn ortas\u0131ndan d\u0131\u015f k\u00f6\u015fesine do\u011fru uygulayarak ve d\u0131\u015f k\u00f6\u015feyi vurgulayarak g\u00f6zleri daha geni\u015f g\u00f6sterin.<\/p>\n\n\n\n<p><\/p>\n","protected":false},"excerpt":{"rendered":"<p>Kad\u0131nlar\u0131n makyaj yaparken en \u00e7ok zorland\u0131\u011f\u0131 i\u015flemlerden biri eyeliner uygulamalar\u0131d\u0131r.&nbsp;&nbsp;\u0130ki g\u00f6z i\u00e7in simetrik ve d\u00fczg\u00fcn \u00e7izgiler elde etmek \u00e7o\u011fu zaman zordur. Eyeliner uygulamas\u0131; dikkat ve zaman almakta, uygulama sonras\u0131nda istenilen simetri \u00e7o\u011funlukla elde edilememektir. T\u00fcm bu sorunlara kal\u0131c\u0131 \u00e7\u00f6z\u00fcm i\u00e7in kal\u0131c\u0131 eyeliner uygulamalar\u0131 geli\u015ftirilmi\u015ftir Kal\u0131c\u0131 eyeliner uygulamalar\u0131, g\u00f6z kapaklar\u0131n\u0131z\u0131n \u00fcst\u00fcne do\u011fal ve katk\u0131s\u0131z pigmentlerin enjekte&#8230;<\/p>\n","protected":false},"author":1,"featured_media":0,"parent":0,"menu_order":0,"comment_status":"open","ping_status":"closed","template":"","meta":{"_joinchat":[],"footnotes":""},"class_list":["post-6069","page","type-page","status-publish","hentry","page--item"],"_links":{"self":[{"href":"https:\/\/tugbabuyukbasguzelliksalonu.com.tr\/index.php?rest_route=\/wp\/v2\/pages\/6069","targetHints":{"allow":["GET"]}}],"collection":[{"href":"https:\/\/tugbabuyukbasguzelliksalonu.com.tr\/index.php?rest_route=\/wp\/v2\/pages"}],"about":[{"href":"https:\/\/tugbabuyukbasguzelliksalonu.com.tr\/index.php?rest_route=\/wp\/v2\/types\/page"}],"author":[{"embeddable":true,"href":"https:\/\/tugbabuyukbasguzelliksalonu.com.tr\/index.php?rest_route=\/wp\/v2\/users\/1"}],"replies":[{"embeddable":true,"href":"https:\/\/tugbabuyukbasguzelliksalonu.com.tr\/index.php?rest_route=%2Fwp%2Fv2%2Fcomments&post=6069"}],"version-history":[{"count":2,"href":"https:\/\/tugbabuyukbasguzelliksalonu.com.tr\/index.php?rest_route=\/wp\/v2\/pages\/6069\/revisions"}],"predecessor-version":[{"id":6074,"href":"https:\/\/tugbabuyukbasguzelliksalonu.com.tr\/index.php?rest_route=\/wp\/v2\/pages\/6069\/revisions\/6074"}],"wp:attachment":[{"href":"https:\/\/tugbabuyukbasguzelliksalonu.com.tr\/index.php?rest_route=%2Fwp%2Fv2%2Fmedia&parent=6069"}],"curies":[{"name":"wp","href":"https:\/\/api.w.org\/{rel}","templated":true}]}}