{"id":6065,"date":"2026-02-25T09:27:16","date_gmt":"2026-02-25T09:27:16","guid":{"rendered":"https:\/\/tugbabuyukbasguzelliksalonu.com.tr\/?page_id=6065"},"modified":"2026-02-25T09:27:16","modified_gmt":"2026-02-25T09:27:16","slug":"cilt-yenileme","status":"publish","type":"page","link":"https:\/\/tugbabuyukbasguzelliksalonu.com.tr\/?page_id=6065","title":{"rendered":"Cilt Yenileme"},"content":{"rendered":"\n<p>Cilt yenileme i\u015flemi sayesinde k\u0131sa s\u00fcrede \u00e7ok daha parlak, gen\u00e7 ve sa\u011fl\u0131kl\u0131 bir g\u00f6r\u00fcn\u00fcme kavu\u015fabilirsiniz. Son derece basit ve k\u0131sa s\u00fcren bu y\u00f6ntemle mucizeyi cildinizde fark edin!<\/p>\n\n\n\n<p>Cilt yenileme, ya\u015flanma, g\u00fcne\u015f hasar\u0131, akne izleri veya di\u011fer cilt problemleri nedeniyle olu\u015fan kusurlar\u0131 gidermek ve daha sa\u011fl\u0131kl\u0131, gen\u00e7 bir g\u00f6r\u00fcn\u00fcm sa\u011flamak amac\u0131yla yap\u0131lan i\u015flemleri ifade eder. Bu y\u00f6ntemler, cildin do\u011fal yenilenme s\u00fcrecini h\u0131zland\u0131rarak elastikiyetini art\u0131r\u0131r, cilt tonunu e\u015fitler ve genel g\u00f6r\u00fcn\u00fcm\u00fcn\u00fc iyile\u015ftirir. Bu uygulamalarla cilt dokusu yenileme ger\u00e7ekle\u015ftirilir.<\/p>\n\n\n\n<figure class=\"wp-block-image size-full is-resized\"><img fetchpriority=\"high\" decoding=\"async\" width=\"277\" height=\"182\" src=\"https:\/\/tugbabuyukbasguzelliksalonu.com.tr\/wp-content\/uploads\/2026\/02\/download-6.jpg\" alt=\"\" class=\"wp-image-6066\" style=\"aspect-ratio:1.5220534311157674;width:492px;height:auto\"\/><\/figure>\n\n\n\n<p>Cilt yenileme y\u00f6nteminde cildin kendini onarmas\u0131n\u0131 ve yenilemesi sa\u011flan\u0131r. Bu i\u015flem, y\u00fcz, boyun, g\u00f6\u011f\u00fcs ve eller gibi b\u00f6lgelere uygulanmaktad\u0131r. Bu y\u00f6ntem ile ciltteki ince \u00e7izgi, k\u0131r\u0131\u015f\u0131kl\u0131k, akne izi, leke gibi sorunlar\u0131n giderilmesini ger\u00e7ekle\u015ftirilir.<\/p>\n\n\n\n<p>Cilt sa\u011fl\u0131kl\u0131 g\u00fczelli\u011fin yans\u0131mas\u0131d\u0131r. Sa\u011fl\u0131kl\u0131, gen\u00e7 ve g\u00fczel bir g\u00f6r\u00fcn\u00fcm i\u00e7in cildin \u00f6nemi vazge\u00e7ilmezdir. Cildimiz, \u00e7evresel fakt\u00f6rler, ya\u015flanma, stres, beslenme al\u0131\u015fkanl\u0131klar\u0131, genetik fakt\u00f6rler gibi bir\u00e7ok nedenle y\u0131pranabilir. Bu y\u00f6ntem cildin gen\u00e7le\u015ftirilmesi, daha p\u00fcr\u00fczs\u00fcz, s\u0131k\u0131 ve gen\u00e7 bir g\u00f6r\u00fcn\u00fcm kazanmas\u0131 i\u00e7in uygulanmaktad\u0131r.<\/p>\n\n\n\n<figure class=\"wp-block-image size-full is-resized\"><img decoding=\"async\" width=\"300\" height=\"168\" src=\"https:\/\/tugbabuyukbasguzelliksalonu.com.tr\/wp-content\/uploads\/2026\/02\/images-6.jpg\" alt=\"\" class=\"wp-image-6067\" style=\"width:504px;height:auto\"\/><\/figure>\n\n\n\n<ul class=\"wp-block-list\">\n<li><a><strong>Cilt Yenileme Nedir?<\/strong><\/a><\/li>\n<\/ul>\n\n\n\n<p>Cilt Yenileme, bir t\u00fcr mikro i\u011fneleme kullan\u0131lan \u00f6zel bir y\u00f6ntemidir. &nbsp;Cilt yenileme i\u015fleminde, ciltte mikro-delikler a\u00e7\u0131larak, cildin kendini onarmas\u0131n\u0131 ve yenilemesi sa\u011flan\u0131r. Cilt yenileme i\u015flemi, y\u00fcz, boyun, g\u00f6\u011f\u00fcs ve eller gibi b\u00f6lgelere uygulanmaktad\u0131r. Bu y\u00f6ntem ile ciltteki ince \u00e7izgi, k\u0131r\u0131\u015f\u0131kl\u0131k, akne izi, leke gibi sorunlar\u0131n giderilmesini ger\u00e7ekle\u015ftirilir.<\/p>\n\n\n\n<p>Cilt sa\u011fl\u0131kl\u0131 g\u00fczelli\u011fin yans\u0131mas\u0131d\u0131r. Sa\u011fl\u0131kl\u0131, gen\u00e7 ve g\u00fczel bir g\u00f6r\u00fcn\u00fcm i\u00e7in cildin \u00f6nemi vazge\u00e7ilmezdir. Cildimiz, \u00e7evresel fakt\u00f6rler, ya\u015flanma, stres, beslenme al\u0131\u015fkanl\u0131klar\u0131, genetik fakt\u00f6rler gibi bir\u00e7ok nedenle y\u0131pranabilir. Cilt yenileme i\u015flemi, cildin gen\u00e7le\u015ftirilmesi, daha p\u00fcr\u00fczs\u00fcz, s\u0131k\u0131 ve gen\u00e7 bir g\u00f6r\u00fcn\u00fcm kazanmas\u0131 i\u00e7in uygulanan bir y\u00f6ntemdir.<\/p>\n\n\n\n<ul class=\"wp-block-list\">\n<li><a><strong>Cilt Yenileme Nas\u0131l Yap\u0131l\u0131r?<\/strong><\/a><\/li>\n<\/ul>\n\n\n\n<ul class=\"wp-block-list\">\n<li>Cilt yenileme i\u015fleminde, \u00e7ok ince i\u011fnelerle kapl\u0131 bir cihazla ciltte mikro delikler a\u00e7\u0131l\u0131r. A\u00e7\u0131lan bu delikler, cildin kendini onarmas\u0131 ve yenilenmesi i\u00e7in uyar\u0131c\u0131 g\u00f6revi g\u00f6r\u00fcr. Cilt yenileme i\u015fleminde, kolajen \u00fcretimini artt\u0131r\u0131larak daha s\u0131k\u0131 ve gen\u00e7 bir cilt elde edilir.<\/li>\n\n\n\n<li>Tu\u011fba B\u00fcy\u00fckba\u015f G\u00fczellik Salonu uzmanlar\u0131, uygulamas\u0131 \u00f6ncesinde, cildi temizler. Ciltteki sorunlu alanlara k\u00fc\u00e7\u00fck delikler a\u00e7\u0131l\u0131r. \u0130\u015flem yakla\u015f\u0131k 30 dakika s\u00fcrmektedir. \u0130\u015flem sonras\u0131nda ciltte yenilenme s\u00fcreci ba\u015flar. \u0130\u015flemden sonra 24 saat cildin su ile temas etmemesi gerekmektedir.<\/li>\n<\/ul>\n\n\n\n<ul class=\"wp-block-list\">\n<li><a><br><strong>Lazerle Cilt Yenileme \u0130\u015flemi Nedir?<\/strong><\/a><\/li>\n<\/ul>\n\n\n\n<p>Lazerle y\u00f6ntemi, cildin \u00fcst katman\u0131ndaki \u00f6l\u00fc h\u00fccreleri temizleyerek alt\u0131ndaki sa\u011fl\u0131kl\u0131 tabakay\u0131 ortaya \u00e7\u0131karmay\u0131 hedefleyen bir i\u015flemdir. Bu y\u00f6ntemde, lazer enerjisi ciltteki kusurlu b\u00f6lgeleri hedef al\u0131r ve kolajen \u00fcretimini art\u0131rarak cildin kendini onarma s\u00fcrecini h\u0131zland\u0131r\u0131r. Lazerle yap\u0131lan bu i\u015flem, ince k\u0131r\u0131\u015f\u0131kl\u0131klar\u0131n giderilmesi, cilt lekelerinin azalt\u0131lmas\u0131 ve genel olarak daha p\u00fcr\u00fczs\u00fcz bir cilt dokusunun sa\u011flanmas\u0131 gibi bir\u00e7ok avantaj sunar.<\/p>\n\n\n\n<p>Her cilt tipi i\u00e7in uygun olan lazer y\u00f6ntemleri, ki\u015finin cilt ihtiya\u00e7lar\u0131na g\u00f6re \u00f6zelle\u015ftirilebilir. \u0130\u015flem sonras\u0131 ciltte bir miktar k\u0131zar\u0131kl\u0131k g\u00f6r\u00fclebilir, ancak bu k\u0131sa s\u00fcrede d\u00fczelir ve i\u015flemden hemen sonra g\u00f6zle g\u00f6r\u00fcl\u00fcr bir iyile\u015fme fark edilir.<\/p>\n\n\n\n<p>*<em>Salonumuzda bu i\u015flem yap\u0131lmamaktad\u0131r, bilgilendirme amac\u0131yla yaz\u0131lm\u0131\u015ft\u0131r.<\/em><\/p>\n\n\n\n<ul class=\"wp-block-list\">\n<li><a><strong>Cilt Yenileme \u0130\u015flemleri Ne \u0130\u015fe Yarar?<\/strong><\/a><\/li>\n<\/ul>\n\n\n\n<p>Cilt Yenileme i\u015flemi,<\/p>\n\n\n\n<ul class=\"wp-block-list\">\n<li>Ciltteki lekelerin azalmas\u0131na ve kaybolmas\u0131na yard\u0131mc\u0131 olur.<\/li>\n\n\n\n<li>Derinlemesine bir cilt temizli\u011fi sa\u011flar<\/li>\n\n\n\n<li>Cildimizdeki olu\u015fan hafif k\u0131r\u0131\u015f\u0131kl\u0131klar\u0131 a\u00e7ar<\/li>\n\n\n\n<li>Kolajen \u00fcretimini artt\u0131r\u0131r<\/li>\n\n\n\n<li>Cilt sarkmalar\u0131n\u0131 azalt\u0131r<\/li>\n\n\n\n<li>Cildin gergin ve diri bir g\u00f6r\u00fcn\u00fcme kavu\u015fmas\u0131n\u0131 sa\u011flar.<\/li>\n\n\n\n<li>Akne izlerini yok eder<\/li>\n\n\n\n<li>Sa\u011fl\u0131kl\u0131, parlak, canl\u0131 ve gen\u00e7 bir cilt g\u00f6r\u00fcn\u00fcm\u00fc sa\u011flar.<\/li>\n<\/ul>\n\n\n\n<ul class=\"wp-block-list\">\n<li><a><br><strong>Cilt Yenileme Fiyatlar\u0131 Ne Kadar?<\/strong><\/a><\/li>\n<\/ul>\n\n\n\n<p>Bu i\u015flemin fiyatlar\u0131, kullan\u0131lan y\u00f6nteme, i\u015flemin kapsam\u0131na ve ki\u015finin ihtiya\u00e7lar\u0131na g\u00f6re de\u011fi\u015fiklik g\u00f6sterebilir. Lazer, peeling gibi farkl\u0131 uygulamalar veya di\u011fer teknolojik y\u00f6ntemlerin maliyetleri farkl\u0131l\u0131k g\u00f6sterecektir.<\/p>\n\n\n\n<p>Tu\u011fba B\u00fcy\u00fckba\u015f G\u00fczellik Salonu\u2019nda, cilt yenileme i\u015flemleri i\u00e7in detayl\u0131 bilgi ve fiyat teklifi alabilir, cildinizin ihtiya\u00e7lar\u0131na g\u00f6re uygun bir bak\u0131m plan\u0131 olu\u015fturabilirsiniz.<\/p>\n\n\n\n<p><\/p>\n","protected":false},"excerpt":{"rendered":"<p>Cilt yenileme i\u015flemi sayesinde k\u0131sa s\u00fcrede \u00e7ok daha parlak, gen\u00e7 ve sa\u011fl\u0131kl\u0131 bir g\u00f6r\u00fcn\u00fcme kavu\u015fabilirsiniz. Son derece basit ve k\u0131sa s\u00fcren bu y\u00f6ntemle mucizeyi cildinizde fark edin! Cilt yenileme, ya\u015flanma, g\u00fcne\u015f hasar\u0131, akne izleri veya di\u011fer cilt problemleri nedeniyle olu\u015fan kusurlar\u0131 gidermek ve daha sa\u011fl\u0131kl\u0131, gen\u00e7 bir g\u00f6r\u00fcn\u00fcm sa\u011flamak amac\u0131yla yap\u0131lan i\u015flemleri ifade eder. Bu&#8230;<\/p>\n","protected":false},"author":1,"featured_media":0,"parent":0,"menu_order":0,"comment_status":"open","ping_status":"closed","template":"","meta":{"_joinchat":[],"footnotes":""},"class_list":["post-6065","page","type-page","status-publish","hentry","page--item"],"_links":{"self":[{"href":"https:\/\/tugbabuyukbasguzelliksalonu.com.tr\/index.php?rest_route=\/wp\/v2\/pages\/6065","targetHints":{"allow":["GET"]}}],"collection":[{"href":"https:\/\/tugbabuyukbasguzelliksalonu.com.tr\/index.php?rest_route=\/wp\/v2\/pages"}],"about":[{"href":"https:\/\/tugbabuyukbasguzelliksalonu.com.tr\/index.php?rest_route=\/wp\/v2\/types\/page"}],"author":[{"embeddable":true,"href":"https:\/\/tugbabuyukbasguzelliksalonu.com.tr\/index.php?rest_route=\/wp\/v2\/users\/1"}],"replies":[{"embeddable":true,"href":"https:\/\/tugbabuyukbasguzelliksalonu.com.tr\/index.php?rest_route=%2Fwp%2Fv2%2Fcomments&post=6065"}],"version-history":[{"count":1,"href":"https:\/\/tugbabuyukbasguzelliksalonu.com.tr\/index.php?rest_route=\/wp\/v2\/pages\/6065\/revisions"}],"predecessor-version":[{"id":6068,"href":"https:\/\/tugbabuyukbasguzelliksalonu.com.tr\/index.php?rest_route=\/wp\/v2\/pages\/6065\/revisions\/6068"}],"wp:attachment":[{"href":"https:\/\/tugbabuyukbasguzelliksalonu.com.tr\/index.php?rest_route=%2Fwp%2Fv2%2Fmedia&parent=6065"}],"curies":[{"name":"wp","href":"https:\/\/api.w.org\/{rel}","templated":true}]}}