{"id":6062,"date":"2026-02-25T07:39:00","date_gmt":"2026-02-25T07:39:00","guid":{"rendered":"https:\/\/tugbabuyukbasguzelliksalonu.com.tr\/?page_id=6062"},"modified":"2026-02-25T07:39:01","modified_gmt":"2026-02-25T07:39:01","slug":"microblading","status":"publish","type":"page","link":"https:\/\/tugbabuyukbasguzelliksalonu.com.tr\/?page_id=6062","title":{"rendered":"Microblading"},"content":{"rendered":"\n<p>Microblading, 21. y\u00fczy\u0131l\u0131n ba\u015flar\u0131nda Asya\u2019da ortaya \u00e7\u0131kt\u0131 ve k\u0131sa s\u00fcre i\u00e7inde d\u00fcnya \u00e7ap\u0131nda pop\u00fcler hale geldi. Microblading, d\u00f6vme ve kal\u0131c\u0131 makyaj tekniklerinin bir evrimidir ve ultra ince i\u011fneler kullanarak do\u011fal g\u00f6r\u00fcn\u00fcml\u00fc ka\u015f k\u0131llar\u0131 \u00e7izme prati\u011fidir.<\/p>\n\n\n\n<p>Microblading, ka\u015flara do\u011fal bir g\u00f6r\u00fcn\u00fcm kazand\u0131rmak isteyen ki\u015filer i\u00e7in ideal bir se\u00e7enek haline geldi. Do\u011fal ve ince \u00e7izgiler, ka\u015flar\u0131n dolgun ve \u015fekilli g\u00f6r\u00fcnmesini sa\u011flarken ayn\u0131 zamanda do\u011fal bir g\u00f6r\u00fcn\u00fcm korunur.<\/p>\n\n\n\n<p>Ka\u015flar, y\u00fcz ifademizi ve genel g\u00f6r\u00fcn\u00fcm\u00fcm\u00fcz\u00fc \u015fekillendiren \u00f6nemli unsurlardan biridir. Ancak, her sabah m\u00fckemmel ka\u015flar\u0131 \u00e7izmek ve \u015fekillendirmek zorlay\u0131c\u0131 ve zaman al\u0131c\u0131 olabilir. Microblading, bu s\u00fcreci basitle\u015ftiren ve g\u00fczellik rutininizi h\u0131zland\u0131ran harika bir \u00e7\u00f6z\u00fcm sunar<\/p>\n\n\n\n<figure class=\"wp-block-image size-full is-resized\"><img fetchpriority=\"high\" decoding=\"async\" width=\"225\" height=\"225\" src=\"https:\/\/tugbabuyukbasguzelliksalonu.com.tr\/wp-content\/uploads\/2026\/02\/download-5.jpg\" alt=\"\" class=\"wp-image-6063\" style=\"width:446px;height:auto\" srcset=\"https:\/\/tugbabuyukbasguzelliksalonu.com.tr\/wp-content\/uploads\/2026\/02\/download-5.jpg 225w, https:\/\/tugbabuyukbasguzelliksalonu.com.tr\/wp-content\/uploads\/2026\/02\/download-5-150x150.jpg 150w, https:\/\/tugbabuyukbasguzelliksalonu.com.tr\/wp-content\/uploads\/2026\/02\/download-5-100x100.jpg 100w, https:\/\/tugbabuyukbasguzelliksalonu.com.tr\/wp-content\/uploads\/2026\/02\/download-5-70x70.jpg 70w\" sizes=\"(max-width: 225px) 100vw, 225px\" \/><\/figure>\n\n\n\n<ul class=\"wp-block-list\">\n<li><strong>Microblading; Do\u011fal ve \u015eekilli Ka\u015flarla Y\u00fcz G\u00fczelli\u011finizi Ortaya \u00c7\u0131kar\u0131r<\/strong><\/li>\n<\/ul>\n\n\n\n<p>Ka\u015flar; insanlar\u0131n en \u00e7arp\u0131c\u0131 ve karakteristik \u00f6zelliklerini yans\u0131tan b\u00f6lgelerden biridir. Sa\u011fl\u0131kl\u0131 ve g\u00fczel g\u00f6r\u00fcnen ka\u015flar, ki\u015fili\u011finizi ifade etmenize yard\u0131mc\u0131 olur. Ka\u015f g\u00fczelli\u011fi g\u00f6z \u00e7evresini yumu\u015fat\u0131r ve y\u00fcz\u00fcn\u00fcze daha derin bir ifade verir.<\/p>\n\n\n\n<p>Ka\u015flar, do\u011fu\u015ftan zay\u0131f olabilir veya zamanla ka\u015flar\u0131n\u0131z\u0131n \u015fekli bozulabilir. Bu gibi durumlara \u00e7\u00f6z\u00fcm olarak, y\u00fcz\u00fcn\u00fcze en uygun ka\u015f modelini yaratmak ve m\u00fckemmel geometrik \u015fekiller olu\u015fturmak i\u00e7in Microblading (k\u0131l tekni\u011fi) i\u015flemini tercih edebilirsiniz<\/p>\n\n\n\n<ul class=\"wp-block-list\">\n<li><a><strong>Microblading\u2019in G\u00fcnl\u00fck Makyaja Etkisi<\/strong><\/a><\/li>\n<\/ul>\n\n\n\n<p>Microblading, kal\u0131c\u0131 bir ka\u015f \u015fekillendirme tekni\u011fi ile zaman kazand\u0131r\u0131r ve makyaj s\u00fcrecinizi h\u0131zland\u0131r\u0131r. Ka\u015flar\u0131n\u0131z zaten \u015fekillendirildi\u011fi ve dolduruldu\u011fu i\u00e7in, sabah rutininiz daha h\u0131zl\u0131 ve sorunsuz olur.<\/p>\n\n\n\n<p><a><strong>Do\u011fal ve Uzun S\u00fcreli Sonu\u00e7lar<\/strong><\/a><\/p>\n\n\n\n<p>Microblading ile elde edilen sonu\u00e7lar do\u011fal g\u00f6r\u00fcn\u00fcml\u00fcd\u00fcr ve tipik olarak 12-18 ay kadar s\u00fcrer. Bu, her g\u00fcn ka\u015f makyaj\u0131 yapma ihtiyac\u0131n\u0131 b\u00fcy\u00fck \u00f6l\u00e7\u00fcde azalt\u0131r ve sabahlar\u0131 size daha fazla zaman kazand\u0131r\u0131r.<\/p>\n\n\n\n<ul class=\"wp-block-list\">\n<li><a><strong>\u0130lk 24 Saat: Temas ve Suyla Temastan Ka\u00e7\u0131nma<\/strong><\/a><\/li>\n<\/ul>\n\n\n\n<p>Microblading i\u015fleminden sonraki ilk 24 saat, ka\u015flar\u0131n hava almas\u0131na ve iyile\u015fme s\u00fcrecinin ba\u015flamas\u0131na izin vermek \u00f6nemlidir. Ka\u015flar\u0131 m\u00fcmk\u00fcn oldu\u011funca kuru ve temiz tutun, su ve terleme gibi durumlar\u0131 en aza indirin.<\/p>\n\n\n\n<ul class=\"wp-block-list\">\n<li><a><strong>\u0130lk Ay: G\u00fcne\u015ften Ka\u00e7\u0131nma<\/strong><\/a><\/li>\n<\/ul>\n\n\n\n<p>Ka\u015flar\u0131n do\u011fru \u015fekilde iyile\u015febilmesi i\u00e7in g\u00fcne\u015fe maruz kalmaktan ka\u00e7\u0131n\u0131n. G\u00fcne\u015f \u0131\u015f\u0131nlar\u0131, yeni i\u015flenen pigmentleri soldurabilir ve iyile\u015fme s\u00fcrecini yava\u015flatabilir.<\/p>\n\n\n\n<ul class=\"wp-block-list\">\n<li><a><strong>Kimyasal \u00dcr\u00fcnlerden Ka\u00e7\u0131nma<\/strong><\/a><\/li>\n<\/ul>\n\n\n\n<p>\u0130lk birka\u00e7 hafta i\u00e7inde kimyasal i\u00e7erikli cilt bak\u0131m \u00fcr\u00fcnleri ve makyaj \u00fcr\u00fcnlerinden ka\u00e7\u0131nmak iyidir. Bu \u00fcr\u00fcnler pigmentlerin rengini etkileyebilir ve iyile\u015fme s\u00fcrecini bozabilir.<\/p>\n\n\n\n<ul class=\"wp-block-list\">\n<li><a><strong>Uzman Tavsiyelerine Uyma<\/strong><\/a><\/li>\n<\/ul>\n\n\n\n<p>Microblading uygulamas\u0131 yapan uzman\u0131n\u0131z\u0131n \u00f6nerilerine ve talimatlar\u0131na dikkatlice uyun. Her bireyin cilt tipi ve iyile\u015fme s\u00fcreci farkl\u0131 olabilir, bu y\u00fczden ki\u015fisel \u00f6nerilere dikkat edin.<\/p>\n","protected":false},"excerpt":{"rendered":"<p>Microblading, 21. y\u00fczy\u0131l\u0131n ba\u015flar\u0131nda Asya\u2019da ortaya \u00e7\u0131kt\u0131 ve k\u0131sa s\u00fcre i\u00e7inde d\u00fcnya \u00e7ap\u0131nda pop\u00fcler hale geldi. Microblading, d\u00f6vme ve kal\u0131c\u0131 makyaj tekniklerinin bir evrimidir ve ultra ince i\u011fneler kullanarak do\u011fal g\u00f6r\u00fcn\u00fcml\u00fc ka\u015f k\u0131llar\u0131 \u00e7izme prati\u011fidir. Microblading, ka\u015flara do\u011fal bir g\u00f6r\u00fcn\u00fcm kazand\u0131rmak isteyen ki\u015filer i\u00e7in ideal bir se\u00e7enek haline geldi. Do\u011fal ve ince \u00e7izgiler, ka\u015flar\u0131n dolgun&#8230;<\/p>\n","protected":false},"author":1,"featured_media":0,"parent":0,"menu_order":0,"comment_status":"open","ping_status":"closed","template":"","meta":{"_joinchat":[],"footnotes":""},"class_list":["post-6062","page","type-page","status-publish","hentry","page--item"],"_links":{"self":[{"href":"https:\/\/tugbabuyukbasguzelliksalonu.com.tr\/index.php?rest_route=\/wp\/v2\/pages\/6062","targetHints":{"allow":["GET"]}}],"collection":[{"href":"https:\/\/tugbabuyukbasguzelliksalonu.com.tr\/index.php?rest_route=\/wp\/v2\/pages"}],"about":[{"href":"https:\/\/tugbabuyukbasguzelliksalonu.com.tr\/index.php?rest_route=\/wp\/v2\/types\/page"}],"author":[{"embeddable":true,"href":"https:\/\/tugbabuyukbasguzelliksalonu.com.tr\/index.php?rest_route=\/wp\/v2\/users\/1"}],"replies":[{"embeddable":true,"href":"https:\/\/tugbabuyukbasguzelliksalonu.com.tr\/index.php?rest_route=%2Fwp%2Fv2%2Fcomments&post=6062"}],"version-history":[{"count":1,"href":"https:\/\/tugbabuyukbasguzelliksalonu.com.tr\/index.php?rest_route=\/wp\/v2\/pages\/6062\/revisions"}],"predecessor-version":[{"id":6064,"href":"https:\/\/tugbabuyukbasguzelliksalonu.com.tr\/index.php?rest_route=\/wp\/v2\/pages\/6062\/revisions\/6064"}],"wp:attachment":[{"href":"https:\/\/tugbabuyukbasguzelliksalonu.com.tr\/index.php?rest_route=%2Fwp%2Fv2%2Fmedia&parent=6062"}],"curies":[{"name":"wp","href":"https:\/\/api.w.org\/{rel}","templated":true}]}}