{"id":6054,"date":"2026-02-25T07:22:36","date_gmt":"2026-02-25T07:22:36","guid":{"rendered":"https:\/\/tugbabuyukbasguzelliksalonu.com.tr\/?page_id=6054"},"modified":"2026-02-25T07:22:37","modified_gmt":"2026-02-25T07:22:37","slug":"dudak-renklendirme","status":"publish","type":"page","link":"https:\/\/tugbabuyukbasguzelliksalonu.com.tr\/?page_id=6054","title":{"rendered":"Dudak Renklendirme"},"content":{"rendered":"\n<p><strong>Tu\u011fba B\u00fcy\u00fckba\u015f<\/strong> G\u00fczellik Salonu, dudak renklendirme uygulamalar\u0131 ile g\u00fczellik rutininize kal\u0131c\u0131 bir dokunu\u015f sunuyor. Dudaklar\u0131n\u0131z\u0131n dolgunlu\u011funu ve canl\u0131l\u0131\u011f\u0131n\u0131 art\u0131ran i\u015flem, do\u011fal bir g\u00f6r\u00fcn\u00fcmle dudaklar\u0131n\u0131z\u0131 renklendirerek, bak\u0131ml\u0131 ve estetik bir g\u00f6r\u00fcn\u00fcm elde etmenize yard\u0131mc\u0131 olur. Dudak Renklendirme Uygulamas\u0131, geleneksel makyaj\u0131n sebep oldu\u011fu zaman kayb\u0131n\u0131 ve s\u00fcrekli yenileme ihtiyac\u0131n\u0131 ortadan kald\u0131rarak, uzun s\u00fcreli bir \u00e7\u00f6z\u00fcm sunar.<\/p>\n\n\n\n<p>Tu\u011fba B\u00fcy\u00fckba\u015f G\u00fczellik Salonu\u2019nda dudak renklendirme uygulamas\u0131, son teknoloji cihazlar ve y\u00fcksek kaliteli \u00fcr\u00fcnler kullan\u0131larak ger\u00e7ekle\u015ftirilir. Kulland\u0131\u011f\u0131m\u0131z boyalar tamamen do\u011fal ve katk\u0131s\u0131zd\u0131r. Dudak renklendirme uygulamalar\u0131m\u0131zda bir d\u00fcnya markas\u0131 olan Phibrows \u00fcr\u00fcnleri kullan\u0131lmaktad\u0131r. PhiBrows \u00fcr\u00fcnleri; kal\u0131c\u0131 makyaj i\u00e7in \u00f6zel olarak form\u00fcle edilen, performans\u0131 y\u00fcksek, kalite ve dayan\u0131kl\u0131l\u0131\u011f\u0131n yan\u0131 s\u0131ra sa\u011fl\u0131k ve g\u00fcvenlik standartlar\u0131na uygunlukla da t\u00fcm d\u00fcnyada talep g\u00f6ren bir markad\u0131r.<\/p>\n\n\n\n<p>Tu\u011fba B\u00fcy\u00fckba\u015f G\u00fczellik Salonunda dudak renklendirme uygulamalar\u0131m\u0131z\u0131 ger\u00e7ekle\u015ftirirken do\u011fal g\u00f6r\u00fcn\u00fcml\u00fc sonu\u00e7lar elde etmeye \u00e7al\u0131\u015f\u0131yor, m\u00fc\u015fteri memnuniyeti oda\u011f\u0131nda bilgi ve deneyimimizi g\u00fczelli\u011finize sunuyoruz.<\/p>\n\n\n\n<figure class=\"wp-block-image size-full\"><img fetchpriority=\"high\" decoding=\"async\" width=\"262\" height=\"192\" src=\"https:\/\/tugbabuyukbasguzelliksalonu.com.tr\/wp-content\/uploads\/2026\/02\/download-4.jpg\" alt=\"\" class=\"wp-image-6060\"\/><\/figure>\n\n\n\n<figure class=\"wp-block-image size-full\"><img decoding=\"async\" width=\"244\" height=\"206\" src=\"https:\/\/tugbabuyukbasguzelliksalonu.com.tr\/wp-content\/uploads\/2026\/02\/images-5.jpg\" alt=\"\" class=\"wp-image-6058\"\/><\/figure>\n\n\n\n<ul class=\"wp-block-list\">\n<li><a><strong>Dudak Renklendirme Nas\u0131l Yap\u0131l\u0131r?<\/strong><\/a><\/li>\n<\/ul>\n\n\n\n<p>Tu\u011fba B\u00fcy\u00fckba\u015f G\u00fczellik Salonunda, dudak renklendirme uygulamalar\u0131 uzman ve tecr\u00fcbeli profesyoneller taraf\u0131ndan ger\u00e7ekle\u015ftirilir. \u0130\u015flem s\u00fcreci, dudaklar\u0131n temizlenmesi ve sterilizasyonu ile ba\u015flar. Ard\u0131ndan, uzmanlar\u0131m\u0131z taraf\u0131ndan dan\u0131\u015fan i\u00e7in en uygun dudak \u015fekli ve renk tonu belirlenir. \u0130\u015flem s\u0131ras\u0131nda, ince i\u011fneler ve \u00f6zel renk pigmentleri kullan\u0131larak, renklendirme i\u015flemi ger\u00e7ekle\u015ftirilir.<\/p>\n\n\n\n<ul class=\"wp-block-list\">\n<li><a><strong>Kimler Dudak Renklendirme Uygulamas\u0131ndan Faydalanabilir?<\/strong><\/a><\/li>\n<\/ul>\n\n\n\n<p>Tu\u011fba B\u00fcy\u00fckba\u015f G\u00fczellik Salonu\u2019ndaki dudak renklendirme uygulamas\u0131, dudak rengini ve \u015feklini d\u00fczeltmek, dudak \u00e7izgilerini belirginle\u015ftirmek ve g\u00fcnl\u00fck makyaj rutinini kolayla\u015ft\u0131rmak isteyen hemen hemen herkes i\u00e7in uygundur. Ancak, hamilelik, kanser tedavisi ve \u00f6zel cilt sorunlar\u0131 gibi baz\u0131 cilt ve sa\u011fl\u0131k durumlar\u0131 olan ki\u015filer i\u00e7in i\u015flem \u00f6nerilmemektedir.<\/p>\n\n\n\n<ul class=\"wp-block-list\">\n<li><a><strong>Dudak Renklendirme Sonras\u0131 Bak\u0131m<\/strong><\/a><\/li>\n<\/ul>\n\n\n\n<p>Uygulama sonras\u0131, dudaklar\u0131n\u0131z\u0131 iyile\u015fme s\u00fcrecinde g\u00fcne\u015f \u0131\u015f\u0131\u011f\u0131ndan, a\u015f\u0131r\u0131 s\u0131cak ve so\u011fuktan korumal\u0131 ve nemlendirici \u00fcr\u00fcnler kullanmal\u0131s\u0131n\u0131z. \u0130yile\u015fme tamamland\u0131\u011f\u0131nda, g\u00fcne\u015fin zararl\u0131 etkilerinden korunmak i\u00e7in y\u00fcksek koruma fakt\u00f6rl\u00fc dudak kremleri kullanabilirsiniz. \u0130\u015flem sonras\u0131nda Tu\u011fba B\u00fcy\u00fckba\u015f G\u00fczellik Salonu uzmanlar\u0131m\u0131z, yapman\u0131z gerekenler hakk\u0131nda sizi detayl\u0131 \u015fekilde bilgilendirecektir.<\/p>\n\n\n\n<ul class=\"wp-block-list\">\n<li><a><strong>Dudak Renklendirme \u0130yile\u015fme S\u00fcreci<\/strong><\/a><\/li>\n<\/ul>\n\n\n\n<p>\u0130yile\u015fme s\u00fcreci ki\u015fiden ki\u015fiye de\u011fi\u015fiklik g\u00f6sterse de, Tu\u011fba B\u00fcy\u00fckba\u015f G\u00fczellik Salonu\u2019nda yap\u0131lan dudak renklendirme uygulamas\u0131 sonras\u0131nda dudaklar genellikle 7-14 g\u00fcn i\u00e7inde tamamen iyile\u015fir. \u0130lk birka\u00e7 g\u00fcn \u015fi\u015flik ve k\u0131zar\u0131kl\u0131k ya\u015fanabilir, ancak bu durum zamanla azal\u0131r.<\/p>\n\n\n\n<ul class=\"wp-block-list\">\n<li><a><strong>Dudak Renklendirme Fiyatlar\u0131 Ne Kadar?<\/strong><\/a><\/li>\n<\/ul>\n\n\n\n<p>Dudak renklendirme uygulamas\u0131 fiyatlar\u0131, i\u015flemi ger\u00e7ekle\u015ftiren uzman\u0131n deneyimi ve kullan\u0131lan malzemelerin kalitesine ba\u011fl\u0131 olarak de\u011fi\u015fiklik g\u00f6sterebilir. <\/p>\n\n\n\n<p>Detayl\u0131 bilgi ve fiyatlar hakk\u0131nda bize ula\u015farak daha fazla bilgi alabilirsiniz.<\/p>\n\n\n\n<p><\/p>\n","protected":false},"excerpt":{"rendered":"<p>Tu\u011fba B\u00fcy\u00fckba\u015f G\u00fczellik Salonu, dudak renklendirme uygulamalar\u0131 ile g\u00fczellik rutininize kal\u0131c\u0131 bir dokunu\u015f sunuyor. Dudaklar\u0131n\u0131z\u0131n dolgunlu\u011funu ve canl\u0131l\u0131\u011f\u0131n\u0131 art\u0131ran i\u015flem, do\u011fal bir g\u00f6r\u00fcn\u00fcmle dudaklar\u0131n\u0131z\u0131 renklendirerek, bak\u0131ml\u0131 ve estetik bir g\u00f6r\u00fcn\u00fcm elde etmenize yard\u0131mc\u0131 olur. Dudak Renklendirme Uygulamas\u0131, geleneksel makyaj\u0131n sebep oldu\u011fu zaman kayb\u0131n\u0131 ve s\u00fcrekli yenileme ihtiyac\u0131n\u0131 ortadan kald\u0131rarak, uzun s\u00fcreli bir \u00e7\u00f6z\u00fcm sunar. Tu\u011fba&#8230;<\/p>\n","protected":false},"author":1,"featured_media":0,"parent":0,"menu_order":0,"comment_status":"open","ping_status":"closed","template":"","meta":{"_joinchat":[],"footnotes":""},"class_list":["post-6054","page","type-page","status-publish","hentry","page--item"],"_links":{"self":[{"href":"https:\/\/tugbabuyukbasguzelliksalonu.com.tr\/index.php?rest_route=\/wp\/v2\/pages\/6054","targetHints":{"allow":["GET"]}}],"collection":[{"href":"https:\/\/tugbabuyukbasguzelliksalonu.com.tr\/index.php?rest_route=\/wp\/v2\/pages"}],"about":[{"href":"https:\/\/tugbabuyukbasguzelliksalonu.com.tr\/index.php?rest_route=\/wp\/v2\/types\/page"}],"author":[{"embeddable":true,"href":"https:\/\/tugbabuyukbasguzelliksalonu.com.tr\/index.php?rest_route=\/wp\/v2\/users\/1"}],"replies":[{"embeddable":true,"href":"https:\/\/tugbabuyukbasguzelliksalonu.com.tr\/index.php?rest_route=%2Fwp%2Fv2%2Fcomments&post=6054"}],"version-history":[{"count":1,"href":"https:\/\/tugbabuyukbasguzelliksalonu.com.tr\/index.php?rest_route=\/wp\/v2\/pages\/6054\/revisions"}],"predecessor-version":[{"id":6061,"href":"https:\/\/tugbabuyukbasguzelliksalonu.com.tr\/index.php?rest_route=\/wp\/v2\/pages\/6054\/revisions\/6061"}],"wp:attachment":[{"href":"https:\/\/tugbabuyukbasguzelliksalonu.com.tr\/index.php?rest_route=%2Fwp%2Fv2%2Fmedia&parent=6054"}],"curies":[{"name":"wp","href":"https:\/\/api.w.org\/{rel}","templated":true}]}}