{"id":6051,"date":"2026-02-25T07:04:56","date_gmt":"2026-02-25T07:04:56","guid":{"rendered":"https:\/\/tugbabuyukbasguzelliksalonu.com.tr\/?page_id=6051"},"modified":"2026-02-25T07:04:56","modified_gmt":"2026-02-25T07:04:56","slug":"kas-vitamini","status":"publish","type":"page","link":"https:\/\/tugbabuyukbasguzelliksalonu.com.tr\/?page_id=6051","title":{"rendered":"Ka\u015f Vitamini"},"content":{"rendered":"\n<p>Ka\u015f vitamini uygulamas\u0131; ka\u015flar\u0131n daha dolgun ve sa\u011fl\u0131kl\u0131 g\u00f6r\u00fcnmesini sa\u011flamak i\u00e7in \u00f6zel olarak form\u00fcle edilmi\u015f bir serumun ka\u015flara uygulanmas\u0131 i\u015flemidir. Bu serumlar, biotin, keratin, panthenol, amino asitler, vitaminler ve mineraller i\u00e7erir.<\/p>\n\n\n\n<p>D\u00f6k\u00fclm\u00fc\u015f, k\u00fcsm\u00fc\u015f ya da incelmi\u015f ka\u015flar\u0131 g\u00fc\u00e7lendirmek amac\u0131yla ka\u015f k\u00f6klerine bu vitaminler \u00f6zel bir teknoloji cihaz\u0131yla enjekte edilir. &nbsp;<\/p>\n\n\n\n<p>Ka\u015flar\u0131m\u0131z, sa\u00e7lar\u0131m\u0131z gibi do\u011fal olarak zamanla incelme, d\u00f6k\u00fclme veya k\u0131r\u0131lma gibi nedenlerle g\u00fc\u00e7s\u00fczle\u015febilir. Hatta ka\u015f\u0131n \u00e7\u0131kmamas\u0131 olarak bilindi\u011fi haliyle ka\u015f k\u00fcsebilir. Bu durum, ya\u015flanma s\u00fcreci, hormonal de\u011fi\u015fiklikler, stres, beslenme yetersizlikleri, a\u015f\u0131r\u0131 kullan\u0131m ve k\u00f6t\u00fc al\u0131\u015fkanl\u0131klar, \u00e7evresel fakt\u00f6rler, baz\u0131 sa\u011fl\u0131k sorunlar\u0131 gibi \u00e7e\u015fitli nedenlere ba\u011fl\u0131 olabilir. Bunun yan\u0131 s\u0131ra, yanl\u0131\u015f ka\u015f \u015fekillendirme, ka\u015flar\u0131n s\u0131k s\u0131k al\u0131nmas\u0131, a\u015f\u0131r\u0131 y\u00fcz temizli\u011fi gibi sebepler de ka\u015flar\u0131n g\u00fc\u00e7s\u00fczle\u015fmesine yol a\u00e7abilir.<\/p>\n\n\n\n<p>G\u00fc\u00e7s\u00fczle\u015fen, azalan ve y\u0131pranan sa\u011fl\u0131ks\u0131z ka\u015flara Tu\u011fba B\u00fcy\u00fckba\u015f G\u00fczellik Salonu ka\u015f vitamini uygulamalar\u0131yla \u00e7\u00f6z\u00fcmler sunuyoruz.<\/p>\n\n\n\n<ul class=\"wp-block-list\">\n<li>Ka\u015flar\u0131n daha g\u00fc\u00e7l\u00fc ve sa\u011fl\u0131kl\u0131 g\u00f6r\u00fcnmesini sa\u011flar.<\/li>\n\n\n\n<li>Ka\u015f d\u00f6k\u00fclmesini \u00f6nler.<\/li>\n\n\n\n<li>Ka\u015flar\u0131n daha dolgun g\u00f6r\u00fcnmesine yard\u0131mc\u0131 olur.<\/li>\n\n\n\n<li>Yeni \u00e7\u0131kan ka\u015flar\u0131n b\u00fcy\u00fcmesini sa\u011flar.<\/li>\n<\/ul>\n\n\n\n<figure class=\"wp-block-image size-large\"><img fetchpriority=\"high\" decoding=\"async\" width=\"1024\" height=\"683\" src=\"https:\/\/tugbabuyukbasguzelliksalonu.com.tr\/wp-content\/uploads\/2026\/02\/kas-vitamini-1536x1024.jpg-1024x683.webp\" alt=\"\" class=\"wp-image-6052\" srcset=\"https:\/\/tugbabuyukbasguzelliksalonu.com.tr\/wp-content\/uploads\/2026\/02\/kas-vitamini-1536x1024.jpg-1024x683.webp 1024w, https:\/\/tugbabuyukbasguzelliksalonu.com.tr\/wp-content\/uploads\/2026\/02\/kas-vitamini-1536x1024.jpg-300x200.webp 300w, https:\/\/tugbabuyukbasguzelliksalonu.com.tr\/wp-content\/uploads\/2026\/02\/kas-vitamini-1536x1024.jpg-768x512.webp 768w, https:\/\/tugbabuyukbasguzelliksalonu.com.tr\/wp-content\/uploads\/2026\/02\/kas-vitamini-1536x1024.jpg-600x400.webp 600w, https:\/\/tugbabuyukbasguzelliksalonu.com.tr\/wp-content\/uploads\/2026\/02\/kas-vitamini-1536x1024.jpg.webp 1536w\" sizes=\"(max-width: 1024px) 100vw, 1024px\" \/><\/figure>\n\n\n\n<ul class=\"wp-block-list\">\n<li><a>Ka\u015f Vitamini \u0130\u015flemi Nas\u0131l Uygulan\u0131r?<\/a><\/li>\n\n\n\n<li>Tu\u011fba B\u00fcy\u00fckba\u015f G\u00fczellik Salonu uzmanlar\u0131 ka\u015f\u0131n\u0131zda ya\u015fanan sorunlara ba\u011fl\u0131 olarak size en uygun k\u00fcr\u00fc olu\u015ftur. Ka\u015f vitamini, ka\u015f\u0131n ihtiyac\u0131 alan vitamin ve minerallerden olu\u015fan do\u011fal kar\u0131\u015f\u0131m\u0131n ka\u015flara s\u00fcr\u00fclmesiyle uygulamaya ba\u015flan\u0131r. Bu i\u015flemle k\u0131l k\u00f6klerini canland\u0131rmak ve harekete ge\u00e7irmek ama\u00e7lanmaktad\u0131r. Uygulama sonunda ka\u015flar g\u00fcrle\u015fir ve istenilen sa\u011fl\u0131kl\u0131 forma kavu\u015fturulur. \u00a0Ka\u015f vitamini uygulamas\u0131 basit, sa\u011fl\u0131\u011fa zarars\u0131z, ac\u0131s\u0131z ve a\u011fr\u0131s\u0131z bir uygulamad\u0131r. Uygulama sonunda ortaya \u00e7\u0131kan sonu\u00e7 tamamen do\u011fal bir g\u00f6r\u00fcn\u00fcme sahiptir.<\/li>\n<\/ul>\n\n\n\n<ul class=\"wp-block-list\">\n<li><a>Ka\u015f Vitamini \u0130\u015flemi Ka\u00e7 Seans Uygulan\u0131r?<\/a><\/li>\n<\/ul>\n\n\n\n<p>Ka\u015f vitamini uyguma seanslar\u0131 ka\u015flar\u0131n ihtiya\u00e7lar\u0131na g\u00f6re farkl\u0131l\u0131k g\u00f6sterir. Tu\u011fba B\u00fcy\u00fckba\u015f G\u00fczellik Salonu ka\u015f vitamin i\u015fleminin genelde 4 seans uygulanmas\u0131n\u0131 \u00f6nermektedir.<\/p>\n\n\n\n<ul class=\"wp-block-list\">\n<li><a>Ka\u015f Vitamini \u0130\u015flemi Ne Zaman Etki Eder?<\/a><\/li>\n<\/ul>\n\n\n\n<p>Ka\u015f Vitamini i\u015fleminde ilk seans sonras\u0131 canlanma hissedilse de etkiler ilk seanstan 10-15 g\u00fcn sonra fark edilmektedir. \u0130\u015flem sonras\u0131 k\u00fcsen ka\u015flar yava\u015f yava\u015f \u00e7\u0131kmaya ba\u015flar ve daha h\u0131zl\u0131 olarak uzar.<\/p>\n\n\n\n<ul class=\"wp-block-list\">\n<li><a>Ka\u015f Vitamini Fiyatlar\u0131 Ne Kadar?<\/a><\/li>\n<\/ul>\n\n\n\n<p>Ka\u015f vitamini uygulamas\u0131 kullan\u0131lan vitaminin i\u00e7eri\u011finin zenginli\u011fine, kalitesine ve uygulay\u0131c\u0131 uzman\u0131n tecr\u00fcbesine g\u00f6re farkl\u0131l\u0131k g\u00f6stermesidir. Tu\u011fba B\u00fcy\u00fckba\u015f G\u00fczellik Salonu\u2019muzda kullan\u0131lan ka\u015f vitamini \u00fcr\u00fcnleri FDA onayl\u0131d\u0131r.  Ka\u015f vitamini uygulamas\u0131 fiyatlar\u0131 hakk\u0131nda detayl\u0131 bilgi almak i\u00e7in bize ula\u015fabilirsiniz.<\/p>\n\n\n\n<p><\/p>\n","protected":false},"excerpt":{"rendered":"<p>Ka\u015f vitamini uygulamas\u0131; ka\u015flar\u0131n daha dolgun ve sa\u011fl\u0131kl\u0131 g\u00f6r\u00fcnmesini sa\u011flamak i\u00e7in \u00f6zel olarak form\u00fcle edilmi\u015f bir serumun ka\u015flara uygulanmas\u0131 i\u015flemidir. Bu serumlar, biotin, keratin, panthenol, amino asitler, vitaminler ve mineraller i\u00e7erir. D\u00f6k\u00fclm\u00fc\u015f, k\u00fcsm\u00fc\u015f ya da incelmi\u015f ka\u015flar\u0131 g\u00fc\u00e7lendirmek amac\u0131yla ka\u015f k\u00f6klerine bu vitaminler \u00f6zel bir teknoloji cihaz\u0131yla enjekte edilir. &nbsp; Ka\u015flar\u0131m\u0131z, sa\u00e7lar\u0131m\u0131z gibi do\u011fal olarak&#8230;<\/p>\n","protected":false},"author":1,"featured_media":0,"parent":0,"menu_order":0,"comment_status":"open","ping_status":"closed","template":"","meta":{"_joinchat":[],"footnotes":""},"class_list":["post-6051","page","type-page","status-publish","hentry","page--item"],"_links":{"self":[{"href":"https:\/\/tugbabuyukbasguzelliksalonu.com.tr\/index.php?rest_route=\/wp\/v2\/pages\/6051","targetHints":{"allow":["GET"]}}],"collection":[{"href":"https:\/\/tugbabuyukbasguzelliksalonu.com.tr\/index.php?rest_route=\/wp\/v2\/pages"}],"about":[{"href":"https:\/\/tugbabuyukbasguzelliksalonu.com.tr\/index.php?rest_route=\/wp\/v2\/types\/page"}],"author":[{"embeddable":true,"href":"https:\/\/tugbabuyukbasguzelliksalonu.com.tr\/index.php?rest_route=\/wp\/v2\/users\/1"}],"replies":[{"embeddable":true,"href":"https:\/\/tugbabuyukbasguzelliksalonu.com.tr\/index.php?rest_route=%2Fwp%2Fv2%2Fcomments&post=6051"}],"version-history":[{"count":1,"href":"https:\/\/tugbabuyukbasguzelliksalonu.com.tr\/index.php?rest_route=\/wp\/v2\/pages\/6051\/revisions"}],"predecessor-version":[{"id":6053,"href":"https:\/\/tugbabuyukbasguzelliksalonu.com.tr\/index.php?rest_route=\/wp\/v2\/pages\/6051\/revisions\/6053"}],"wp:attachment":[{"href":"https:\/\/tugbabuyukbasguzelliksalonu.com.tr\/index.php?rest_route=%2Fwp%2Fv2%2Fmedia&parent=6051"}],"curies":[{"name":"wp","href":"https:\/\/api.w.org\/{rel}","templated":true}]}}