{"id":6043,"date":"2026-02-25T06:50:01","date_gmt":"2026-02-25T06:50:01","guid":{"rendered":"https:\/\/tugbabuyukbasguzelliksalonu.com.tr\/?page_id=6043"},"modified":"2026-02-25T06:50:02","modified_gmt":"2026-02-25T06:50:02","slug":"ipek-kirpik","status":"publish","type":"page","link":"https:\/\/tugbabuyukbasguzelliksalonu.com.tr\/?page_id=6043","title":{"rendered":"\u0130pek Kirpik"},"content":{"rendered":"\n<p>\u0130pek kirpik uygulamas\u0131; ger\u00e7ek ipekten yap\u0131lm\u0131\u015f ince ve hafif malzemenin tek tek do\u011fal kirpiklere yap\u0131\u015ft\u0131r\u0131lmas\u0131yla ger\u00e7ekle\u015ftirilir. Bu i\u015flem, kirpi\u011fin uzamas\u0131n\u0131 ve kal\u0131nla\u015fmas\u0131n\u0131 sa\u011flar.<\/p>\n\n\n\n<p>\u0130pek kirpikler, do\u011fal bir g\u00f6r\u00fcn\u00fcm sunar. Do\u011fall\u0131\u011f\u0131 sayesinde ger\u00e7ek kirpik izlenimi uyand\u0131r\u0131r. \u0130pek kirpik parlakl\u0131\u011f\u0131 sayesinde daha canl\u0131 ve sa\u011fl\u0131kl\u0131 bir g\u00f6r\u00fcn\u00fcm yaratmaktad\u0131r. Hafifli\u011fiyle do\u011fal kirpiklere daha az y\u00fck olurlar. \u0130pek kirpik uygulamas\u0131, uzun s\u00fcre kal\u0131c\u0131l\u0131\u011f\u0131n\u0131 korur. \u00c7arp\u0131c\u0131 ve g\u00fczel bir g\u00f6r\u00fcn\u00fcm sa\u011flad\u0131\u011f\u0131 i\u00e7in kullan\u0131m\u0131 t\u00fcm d\u00fcnyada yo\u011fun talep g\u00f6rmektedir.<\/p>\n\n\n\n<figure class=\"wp-block-image size-full\"><img fetchpriority=\"high\" decoding=\"async\" width=\"275\" height=\"183\" src=\"https:\/\/tugbabuyukbasguzelliksalonu.com.tr\/wp-content\/uploads\/2026\/02\/images-3.jpg\" alt=\"\" class=\"wp-image-6047\"\/><\/figure>\n\n\n\n<p>Kirpikler, y\u00fcz\u00fcm\u00fcz\u00fcn en dikkat \u00e7ekici ve \u00e7arp\u0131c\u0131 b\u00f6lgelerindendir. Kirpiklerin hacimli g\u00f6r\u00fcnmesi i\u00e7in kozmetik \u00fcr\u00fcnlerin kullan\u0131m\u0131 k\u0131sa s\u00fcreli etkiler sa\u011flar. Hacimsiz, k\u0131sa veya az kirpiklere sahip olanlar i\u00e7in ipek kirpik uygulamas\u0131 kal\u0131c\u0131 \u00e7\u00f6z\u00fcmler sunuyor. Y\u00fcz ve g\u00f6z g\u00fczelli\u011finizi \u00f6n plana \u00e7\u0131karmak, etkili bak\u0131\u015flara sahip olmak i\u00e7in ipek kirpik uygulamalar\u0131m\u0131zla Tu\u011fba B\u00fcy\u00fckba\u015f G\u00fczellik Salonu\u2019nda sizleri bekliyoruz.<\/p>\n\n\n\n<ul class=\"wp-block-list\">\n<li><a>\u0130pek Kirpik Uygulamas\u0131ndan Sonra Nelere Dikkat Edilmelidir?<\/a><\/li>\n<\/ul>\n\n\n\n<ul class=\"wp-block-list\">\n<li>24 saat boyunca g\u00f6zlerinizi ovalamaktan ka\u00e7\u0131n\u0131n.<\/li>\n\n\n\n<li>S\u0131cak banyo, sauna, hamam ve y\u00fczme gibi a\u015f\u0131r\u0131 nemli ortamlardan ka\u00e7\u0131n\u0131lmas\u0131 gerekmektedir.<\/li>\n\n\n\n<li>Kirpiklerinizi tararken, \u00f6zel kirpik taraklar\u0131 kullan\u0131n.<\/li>\n\n\n\n<li>Do\u011fal kirpiklerinizin yap\u0131\u015ft\u0131r\u0131c\u0131s\u0131na dokunmaktan ka\u00e7\u0131n\u0131n.<\/li>\n<\/ul>\n\n\n\n<ul class=\"wp-block-list\">\n<li><a>Kimler \u0130pek Kirpik Uygulamas\u0131 Yapt\u0131rabilir?<\/a><\/li>\n<\/ul>\n\n\n\n<p>\u0130pek kirpik uygulamas\u0131 \u00f6zel sa\u011fl\u0131k sorunlar\u0131 olanlar d\u0131\u015f\u0131nda herkes i\u00e7in uygundur.<\/p>\n\n\n\n<ul class=\"wp-block-list\">\n<li>G\u00f6z enfeksiyonu veya g\u00f6z alerjisi olanlar<\/li>\n\n\n\n<li>G\u00f6z ameliyat\u0131 ge\u00e7irmi\u015f olanlar<\/li>\n\n\n\n<li>Arpac\u0131k, si\u011fil gibi rahats\u0131zl\u0131klar\u0131 bulunanlar<\/li>\n\n\n\n<li>G\u00f6z kapa\u011f\u0131 iltihab\u0131 olanlar<\/li>\n\n\n\n<li>G\u00f6z b\u00f6lgesinde yaralanma veya yan\u0131klar\u0131 olan ki\u015filer i\u00e7in ipek kirpik uygulamas\u0131 uygun de\u011fildir.<\/li>\n<\/ul>\n\n\n\n<p>\u0130pek kirpik fiyatlar\u0131, uygulamay\u0131 yapan ki\u015finin tecr\u00fcbesine, kullan\u0131lan malzemelerin kalitesine ve uygulaman\u0131n s\u00fcresine g\u00f6re de\u011fi\u015febilir. Tu\u011fba B\u00fcy\u00fckba\u015f  \u015fubelerinde ipek kirpik uygulamalar\u0131yla hizmet vermektedir. \u0130pek kirpik uygulamas\u0131 hakk\u0131nda detayl\u0131 bilgi ve fiyat almak i\u00e7in bize ula\u015fabilirsiniz.<\/p>\n\n\n\n<p><\/p>\n","protected":false},"excerpt":{"rendered":"<p>\u0130pek kirpik uygulamas\u0131; ger\u00e7ek ipekten yap\u0131lm\u0131\u015f ince ve hafif malzemenin tek tek do\u011fal kirpiklere yap\u0131\u015ft\u0131r\u0131lmas\u0131yla ger\u00e7ekle\u015ftirilir. Bu i\u015flem, kirpi\u011fin uzamas\u0131n\u0131 ve kal\u0131nla\u015fmas\u0131n\u0131 sa\u011flar. \u0130pek kirpikler, do\u011fal bir g\u00f6r\u00fcn\u00fcm sunar. Do\u011fall\u0131\u011f\u0131 sayesinde ger\u00e7ek kirpik izlenimi uyand\u0131r\u0131r. \u0130pek kirpik parlakl\u0131\u011f\u0131 sayesinde daha canl\u0131 ve sa\u011fl\u0131kl\u0131 bir g\u00f6r\u00fcn\u00fcm yaratmaktad\u0131r. Hafifli\u011fiyle do\u011fal kirpiklere daha az y\u00fck olurlar. \u0130pek kirpik&#8230;<\/p>\n","protected":false},"author":1,"featured_media":0,"parent":0,"menu_order":0,"comment_status":"open","ping_status":"closed","template":"","meta":{"_joinchat":[],"footnotes":""},"class_list":["post-6043","page","type-page","status-publish","hentry","page--item"],"_links":{"self":[{"href":"https:\/\/tugbabuyukbasguzelliksalonu.com.tr\/index.php?rest_route=\/wp\/v2\/pages\/6043","targetHints":{"allow":["GET"]}}],"collection":[{"href":"https:\/\/tugbabuyukbasguzelliksalonu.com.tr\/index.php?rest_route=\/wp\/v2\/pages"}],"about":[{"href":"https:\/\/tugbabuyukbasguzelliksalonu.com.tr\/index.php?rest_route=\/wp\/v2\/types\/page"}],"author":[{"embeddable":true,"href":"https:\/\/tugbabuyukbasguzelliksalonu.com.tr\/index.php?rest_route=\/wp\/v2\/users\/1"}],"replies":[{"embeddable":true,"href":"https:\/\/tugbabuyukbasguzelliksalonu.com.tr\/index.php?rest_route=%2Fwp%2Fv2%2Fcomments&post=6043"}],"version-history":[{"count":1,"href":"https:\/\/tugbabuyukbasguzelliksalonu.com.tr\/index.php?rest_route=\/wp\/v2\/pages\/6043\/revisions"}],"predecessor-version":[{"id":6048,"href":"https:\/\/tugbabuyukbasguzelliksalonu.com.tr\/index.php?rest_route=\/wp\/v2\/pages\/6043\/revisions\/6048"}],"wp:attachment":[{"href":"https:\/\/tugbabuyukbasguzelliksalonu.com.tr\/index.php?rest_route=%2Fwp%2Fv2%2Fmedia&parent=6043"}],"curies":[{"name":"wp","href":"https:\/\/api.w.org\/{rel}","templated":true}]}}