{"id":6038,"date":"2026-02-25T06:30:25","date_gmt":"2026-02-25T06:30:25","guid":{"rendered":"https:\/\/tugbabuyukbasguzelliksalonu.com.tr\/?page_id=6038"},"modified":"2026-02-25T06:30:26","modified_gmt":"2026-02-25T06:30:26","slug":"kalici-oje-protez-tirnak","status":"publish","type":"page","link":"https:\/\/tugbabuyukbasguzelliksalonu.com.tr\/?page_id=6038","title":{"rendered":"Kal\u0131c\u0131 Oje \/ Protez T\u0131rnak"},"content":{"rendered":"\n<p>Modern protez t\u0131rnaklar, akrilik, jel ve di\u011fer yenilik\u00e7i malzemeler ile olu\u015fturulur. Estetik g\u00f6r\u00fcn\u00fcm\u00fc, dayan\u0131kl\u0131l\u0131\u011f\u0131 ve do\u011fal hissiyle, bu t\u0131rnaklar kad\u0131nlar\u0131n g\u00fczellik ve bak\u0131m rutinlerinde vazge\u00e7ilmez bir yer edinmi\u015ftir.<\/p>\n\n\n\n<p>Kal\u0131c\u0131 oje, t\u0131rnaklar\u0131n\u0131zda uzun s\u00fcreli temiz g\u00f6r\u00fcn\u00fcm sa\u011flayan \u00f6zel bir uygulamad\u0131r. Bu \u00f6zel jel malzeme normal oje gibi t\u0131rnaklara uygulan\u0131r ve t\u0131rnaklar \u00f6zel bir cihazda UV \u0131\u015f\u0131nlar\u0131 alt\u0131nda kurutulur. Kal\u0131c\u0131 oje normal ojelere g\u00f6re daha dayan\u0131kl\u0131d\u0131r. Kal\u0131c\u0131 oje i\u015flemi t\u0131rnaklar\u0131n\u0131z\u0131n bak\u0131ml\u0131 ve sa\u011fl\u0131kl\u0131 g\u00f6r\u00fcn\u00fcm\u00fcn\u00fc artt\u0131r\u0131r. T\u0131rnak bak\u0131m\u0131 ve oje uygulamalar\u0131 kad\u0131nlar\u0131 yoran rutinlerden biri olabilir. Tu\u011fba B\u00fcy\u00fckba\u015f G\u00fczellik Salonu uzman kadrosu, kal\u0131c\u0131 oje ve protez t\u0131rnak uygulamalar\u0131yla size \u015f\u0131k ve bak\u0131ml\u0131 t\u0131rnaklar sunmaktad\u0131r.<\/p>\n\n\n\n<div class=\"wp-block-group\"><div class=\"wp-block-group__inner-container is-layout-constrained wp-block-group-is-layout-constrained\">\n<div class=\"wp-block-media-text is-stacked-on-mobile\"><figure class=\"wp-block-media-text__media\"><img fetchpriority=\"high\" decoding=\"async\" width=\"1024\" height=\"747\" src=\"https:\/\/tugbabuyukbasguzelliksalonu.com.tr\/wp-content\/uploads\/2026\/02\/uzun-protez-tirnak-1-1024x747.png\" alt=\"\" class=\"wp-image-6041 size-full\" srcset=\"https:\/\/tugbabuyukbasguzelliksalonu.com.tr\/wp-content\/uploads\/2026\/02\/uzun-protez-tirnak-1-1024x747.png 1024w, https:\/\/tugbabuyukbasguzelliksalonu.com.tr\/wp-content\/uploads\/2026\/02\/uzun-protez-tirnak-1-300x219.png 300w, https:\/\/tugbabuyukbasguzelliksalonu.com.tr\/wp-content\/uploads\/2026\/02\/uzun-protez-tirnak-1-768x560.png 768w, https:\/\/tugbabuyukbasguzelliksalonu.com.tr\/wp-content\/uploads\/2026\/02\/uzun-protez-tirnak-1-314x228.png 314w, https:\/\/tugbabuyukbasguzelliksalonu.com.tr\/wp-content\/uploads\/2026\/02\/uzun-protez-tirnak-1-600x437.png 600w, https:\/\/tugbabuyukbasguzelliksalonu.com.tr\/wp-content\/uploads\/2026\/02\/uzun-protez-tirnak-1.png 1089w\" sizes=\"(max-width: 1024px) 100vw, 1024px\" \/><\/figure><div class=\"wp-block-media-text__content\">\n<p>Protez t\u0131rnak, do\u011fal t\u0131rnaklar\u0131n \u00fczerine uygulanan yapay t\u0131rnaklard\u0131r. Akrilik veya jel materyaller kullan\u0131larak uygulanan bu t\u0131rnaklar, do\u011fal t\u0131rnaklar\u0131 korur ve estetik bir g\u00f6r\u00fcn\u00fcm kazand\u0131r\u0131r. Kusursuz bir manik\u00fcr\u00fcn tad\u0131n\u0131 \u00e7\u0131kar\u0131rken ayn\u0131 zamanda t\u0131rnaklar\u0131n\u0131z\u0131 g\u00fc\u00e7lendirebilirsiniz.<br><br>Protez t\u0131rnak uygulamas\u0131, uzmanlar taraf\u0131ndan hijyenik ve g\u00fcvenli bir ortamda ger\u00e7ekle\u015ftirilir. T\u0131rnak y\u00fczeyi, protez t\u0131rna\u011f\u0131n uygulanaca\u011f\u0131 \u015fekilde haz\u0131rlan\u0131r. Do\u011fal t\u0131rnaklar, protez t\u0131rnaklarla birle\u015ftirilmeden \u00f6nce dezenfekte edilir ve \u00f6zel bir baz katman\u0131 uygulan\u0131r.<\/p>\n<\/div><\/div>\n<\/div><\/div>\n\n\n\n<ul class=\"wp-block-list\">\n<li><strong>Zaman Kazanma<\/strong>:<\/li>\n<\/ul>\n\n\n\n<p>Protez t\u0131rnaklar, ki\u015fisel bak\u0131m rutininizi \u00f6nemli \u00f6l\u00e7\u00fcde h\u0131zland\u0131r\u0131r. Sabahlar\u0131 aceleyle haz\u0131rlan\u0131rken ya da \u00f6nemli bir toplant\u0131ya yeti\u015fmeye \u00e7al\u0131\u015f\u0131rken, t\u0131rnaklar\u0131n\u0131z\u0131n her daim bak\u0131ml\u0131 ve estetik g\u00f6r\u00fcnmesi, size zamandan tasarruf etme imkan\u0131 tan\u0131r. Bir kez yap\u0131lan protez t\u0131rnak uygulamas\u0131, haftalarca s\u00fcren bak\u0131ml\u0131 ve estetik bir g\u00f6r\u00fcn\u00fcm sunar.<\/p>\n\n\n\n<ul class=\"wp-block-list\">\n<li><strong>Ojeden Tasarruf<\/strong>:<\/li>\n<\/ul>\n\n\n\n<p>Protez t\u0131rnaklar, s\u00fcrekli olarak oje tazeleme ihtiyac\u0131n\u0131 ortadan kald\u0131r\u0131r. Do\u011fru uyguland\u0131\u011f\u0131nda parlak ve \u00e7ekici g\u00f6r\u00fcn\u00fcmlerini uzun s\u00fcre korur. B\u00f6ylece, hem maddi olarak oje masraflar\u0131ndan tasarruf etmi\u015f olursunuz hem de t\u0131rnaklar\u0131n\u0131z her zaman bak\u0131ml\u0131 ve \u015f\u0131k g\u00f6r\u00fcn\u00fcr.<\/p>\n\n\n\n<ul class=\"wp-block-list\">\n<li><strong>Rahatl\u0131k<\/strong>:<\/li>\n<\/ul>\n\n\n\n<p>G\u00fcnl\u00fck ya\u015famda, protez t\u0131rnaklar\u0131n sa\u011flad\u0131\u011f\u0131 rahatl\u0131k ve \u00f6zg\u00fcrl\u00fck hissi, kullan\u0131c\u0131lar\u0131n duygusal ve psikolojik durumlar\u0131 \u00fczerinde olumlu bir etki yapar. T\u0131rnaklar\u0131n\u0131z\u0131 s\u00fcrekli kontrol etme, k\u0131r\u0131lma ve \u00e7atlamalara kar\u015f\u0131 tedbir alma derdinden kurtulursunuz. Protez t\u0131rnaklar, g\u00fc\u00e7l\u00fc ve dayan\u0131kl\u0131 yap\u0131s\u0131yla g\u00fcven verir ve bu da genel ya\u015fam kalitesini ve \u00f6zsayg\u0131y\u0131 art\u0131r\u0131r.<\/p>\n\n\n\n<ul class=\"wp-block-list\">\n<li><strong>Duygusal Faydalar<\/strong>:<\/li>\n<\/ul>\n\n\n\n<p>Protez t\u0131rnaklar, kullan\u0131c\u0131lara kendilerini daha iyi hissettirir. Estetik ve bak\u0131ml\u0131 t\u0131rnaklar, kendinize olan g\u00fcveninizi art\u0131r\u0131r ve bu da sosyal ili\u015fkilerden i\u015f ya\u015fam\u0131na, g\u00fcnl\u00fck etkile\u015fimlerden \u00f6zel anlara kadar hayat\u0131n\u0131z\u0131n her alan\u0131na pozitif bir \u015fekilde yans\u0131r.<\/p>\n\n\n\n<p>Protez t\u0131rnaklar, sadece estetik ve g\u00fczellik anlam\u0131nda de\u011fil, ayn\u0131 zamanda pratiklik, maliyet etkinlik ve psikolojik refah a\u00e7\u0131s\u0131ndan da bireyler i\u00e7in b\u00fcy\u00fck faydalar sa\u011flar. Kendinizi daha bak\u0131ml\u0131, \u00f6zg\u00fcvenli ve rahat hissetmek i\u00e7in protez t\u0131rnaklar\u0131 deneyimlemenizi \u00f6neririz.<br><br>T\u0131rnak, protein olan keratin taraf\u0131ndan olu\u015fturulan bir dokudur. T\u0131rnaklar\u0131n k\u0131r\u0131lmalar\u0131na ve uzamalar\u0131na neden olan \u015fey genellikle v\u00fccuttaki mineral, protein, su oran\u0131yla ilgilidir. T\u0131rnaklar\u0131m\u0131z,&nbsp;&nbsp;sa\u011fl\u0131ks\u0131z beslenme, stres, vitamin ve minerallerin eksikli\u011fi, \u00e7ok s\u0131k manik\u00fcr yap\u0131lmas\u0131, kimyasallarla temas, genetik \u00f6zellikler gibi fakt\u00f6rlere ba\u011fl\u0131 olarak k\u0131r\u0131l\u0131r veya uzamaz.<\/p>\n\n\n\n<p>B\u00fct\u00fcn bu sorunlara kal\u0131c\u0131 oje ve protez t\u0131rnak uygulamalar\u0131m\u0131zla \u00e7\u00f6z\u00fcm sunmaktay\u0131z. Dila Sayan G\u00fczellik Salonu uzman kadrosu kal\u0131c\u0131 oje ve protez t\u0131rnak uygulamalar\u0131yla hizmetinizde. Arzu etti\u011finiz bak\u0131ml\u0131 ve \u015f\u0131k t\u0131rnaklar\u0131 sizlerle bulu\u015fturuyoruz.<\/p>\n","protected":false},"excerpt":{"rendered":"<p>Modern protez t\u0131rnaklar, akrilik, jel ve di\u011fer yenilik\u00e7i malzemeler ile olu\u015fturulur. Estetik g\u00f6r\u00fcn\u00fcm\u00fc, dayan\u0131kl\u0131l\u0131\u011f\u0131 ve do\u011fal hissiyle, bu t\u0131rnaklar kad\u0131nlar\u0131n g\u00fczellik ve bak\u0131m rutinlerinde vazge\u00e7ilmez bir yer edinmi\u015ftir. Kal\u0131c\u0131 oje, t\u0131rnaklar\u0131n\u0131zda uzun s\u00fcreli temiz g\u00f6r\u00fcn\u00fcm sa\u011flayan \u00f6zel bir uygulamad\u0131r. Bu \u00f6zel jel malzeme normal oje gibi t\u0131rnaklara uygulan\u0131r ve t\u0131rnaklar \u00f6zel bir cihazda UV \u0131\u015f\u0131nlar\u0131&#8230;<\/p>\n","protected":false},"author":1,"featured_media":0,"parent":0,"menu_order":0,"comment_status":"open","ping_status":"closed","template":"","meta":{"_joinchat":[],"footnotes":""},"class_list":["post-6038","page","type-page","status-publish","hentry","page--item"],"_links":{"self":[{"href":"https:\/\/tugbabuyukbasguzelliksalonu.com.tr\/index.php?rest_route=\/wp\/v2\/pages\/6038","targetHints":{"allow":["GET"]}}],"collection":[{"href":"https:\/\/tugbabuyukbasguzelliksalonu.com.tr\/index.php?rest_route=\/wp\/v2\/pages"}],"about":[{"href":"https:\/\/tugbabuyukbasguzelliksalonu.com.tr\/index.php?rest_route=\/wp\/v2\/types\/page"}],"author":[{"embeddable":true,"href":"https:\/\/tugbabuyukbasguzelliksalonu.com.tr\/index.php?rest_route=\/wp\/v2\/users\/1"}],"replies":[{"embeddable":true,"href":"https:\/\/tugbabuyukbasguzelliksalonu.com.tr\/index.php?rest_route=%2Fwp%2Fv2%2Fcomments&post=6038"}],"version-history":[{"count":1,"href":"https:\/\/tugbabuyukbasguzelliksalonu.com.tr\/index.php?rest_route=\/wp\/v2\/pages\/6038\/revisions"}],"predecessor-version":[{"id":6042,"href":"https:\/\/tugbabuyukbasguzelliksalonu.com.tr\/index.php?rest_route=\/wp\/v2\/pages\/6038\/revisions\/6042"}],"wp:attachment":[{"href":"https:\/\/tugbabuyukbasguzelliksalonu.com.tr\/index.php?rest_route=%2Fwp%2Fv2%2Fmedia&parent=6038"}],"curies":[{"name":"wp","href":"https:\/\/api.w.org\/{rel}","templated":true}]}}